{"id":7686,"date":"2022-11-27T23:56:05","date_gmt":"2022-11-27T22:56:05","guid":{"rendered":"https:\/\/fiduxis.com\/?page_id=7686"},"modified":"2024-02-24T12:33:18","modified_gmt":"2024-02-24T11:33:18","slug":"our-team","status":"publish","type":"page","link":"https:\/\/fiduxis.com\/?page_id=7686&lang=en","title":{"rendered":"Our Team"},"content":{"rendered":"\t\t<div data-elementor-type=\"wp-page\" data-elementor-id=\"7686\" class=\"elementor elementor-7686\">\n\t\t\t\t\t\t<section class=\"elementor-section elementor-top-section elementor-element elementor-element-99ab1e7 elementor-section-boxed elementor-section-height-default elementor-section-height-default\" data-id=\"99ab1e7\" data-element_type=\"section\" data-settings=\"{&quot;background_background&quot;:&quot;classic&quot;}\">\n\t\t\t\t\t\t<div class=\"elementor-container elementor-column-gap-default\">\n\t\t\t\t\t<div class=\"elementor-column elementor-col-100 elementor-top-column elementor-element elementor-element-fd113c4\" data-id=\"fd113c4\" data-element_type=\"column\">\n\t\t\t<div class=\"elementor-widget-wrap elementor-element-populated\">\n\t\t\t\t\t\t<div class=\"elementor-element elementor-element-6498120 elementor-widget__width-initial elementor-absolute elementor-hidden-tablet elementor-hidden-phone elementor-widget elementor-widget-wgl-image-animate\" data-id=\"6498120\" data-element_type=\"widget\" data-settings=\"{&quot;_position&quot;:&quot;absolute&quot;}\" data-widget_type=\"wgl-image-animate.default\">\n\t\t\t\t<div class=\"elementor-widget-container\">\n\t\t\t<div class=\"wgl-image-animate\"><div class=\"img-layer_image-wrapper up_down3\" style=\"z-index: 1\">\r\n                <div class=\"img-layer_item\" style=\"transform: translate(0%, -2%);\">\r\n                    <div class=\"img-layer_image\" style=\"animation-duration: 5s;\">\r\n                        <img decoding=\"async\" src=\"http:\/\/fiduxis.com\/wp-content\/uploads\/2020\/11\/elements_01-3.png\" alt=\"\" \/>\r\n                    <\/div>\r\n                <\/div>\r\n            <\/div><div class=\"img-layer_image-wrapper up_down2\" style=\"z-index: 1\">\r\n                <div class=\"img-layer_item\" style=\"transform: translate(0%, -1.5%);\">\r\n                    <div class=\"img-layer_image\" style=\"animation-duration: 5s;\">\r\n                        <img decoding=\"async\" src=\"http:\/\/fiduxis.com\/wp-content\/uploads\/2020\/11\/elements_01-2.png\" alt=\"image\" \/>\r\n                    <\/div>\r\n                <\/div>\r\n            <\/div><div class=\"img-layer_image-wrapper up_down\" style=\"z-index: 1\">\r\n                <div class=\"img-layer_item\" style=\"transform: translate(0%, 0%);\">\r\n                    <div class=\"img-layer_image\" style=\"animation-duration: 5s;\">\r\n                        <img decoding=\"async\" src=\"http:\/\/fiduxis.com\/wp-content\/uploads\/2020\/11\/elements_01-1.png\" alt=\"\" \/>\r\n                    <\/div>\r\n                <\/div>\r\n            <\/div><\/div>\t\t<\/div>\n\t\t\t\t<\/div>\n\t\t\t\t<div class=\"elementor-element elementor-element-3051d9e acenter elementor-widget elementor-widget-wgl-double-headings\" data-id=\"3051d9e\" data-element_type=\"widget\" data-widget_type=\"wgl-double-headings.default\">\n\t\t\t\t<div class=\"elementor-widget-container\">\n\t\t\t<div class=\"wgl-double_heading\"><h3 class=\"dbl__title-wrapper\"><span class=\"dbl__title dbl__title_1\">MEET OUR TEAM<\/span><\/h3><\/div>\t\t<\/div>\n\t\t\t\t<\/div>\n\t\t\t\t<div class=\"elementor-element elementor-element-784e909 elementor-widget elementor-widget-spacer\" data-id=\"784e909\" data-element_type=\"widget\" data-widget_type=\"spacer.default\">\n\t\t\t\t<div class=\"elementor-widget-container\">\n\t\t\t<style>\/*! elementor - v3.20.0 - 13-03-2024 *\/\n.elementor-column .elementor-spacer-inner{height:var(--spacer-size)}.e-con{--container-widget-width:100%}.e-con-inner>.elementor-widget-spacer,.e-con>.elementor-widget-spacer{width:var(--container-widget-width,var(--spacer-size));--align-self:var(--container-widget-align-self,initial);--flex-shrink:0}.e-con-inner>.elementor-widget-spacer>.elementor-widget-container,.e-con>.elementor-widget-spacer>.elementor-widget-container{height:100%;width:100%}.e-con-inner>.elementor-widget-spacer>.elementor-widget-container>.elementor-spacer,.e-con>.elementor-widget-spacer>.elementor-widget-container>.elementor-spacer{height:100%}.e-con-inner>.elementor-widget-spacer>.elementor-widget-container>.elementor-spacer>.elementor-spacer-inner,.e-con>.elementor-widget-spacer>.elementor-widget-container>.elementor-spacer>.elementor-spacer-inner{height:var(--container-widget-height,var(--spacer-size))}.e-con-inner>.elementor-widget-spacer.elementor-widget-empty,.e-con>.elementor-widget-spacer.elementor-widget-empty{position:relative;min-height:22px;min-width:22px}.e-con-inner>.elementor-widget-spacer.elementor-widget-empty .elementor-widget-empty-icon,.e-con>.elementor-widget-spacer.elementor-widget-empty .elementor-widget-empty-icon{position:absolute;top:0;bottom:0;left:0;right:0;margin:auto;padding:0;width:22px;height:22px}<\/style>\t\t<div class=\"elementor-spacer\">\n\t\t\t<div class=\"elementor-spacer-inner\"><\/div>\n\t\t<\/div>\n\t\t\t\t<\/div>\n\t\t\t\t<\/div>\n\t\t\t\t<div class=\"elementor-element elementor-element-e18d5b3 elementor-widget elementor-widget-wgl-team\" data-id=\"e18d5b3\" data-element_type=\"widget\" data-widget_type=\"wgl-team.default\">\n\t\t\t\t<div class=\"elementor-widget-container\">\n\t\t\t        <div class=\"wgl_module_team team-col_3 acenter\">\r\n            <div class=\"team-items_wrap\">\r\n                <div class=\"team-item\"><div class=\"team-item_wrap\"><div class=\"team__media-wrapper\"><div class=\"team__icons\"><a href=\"https:\/\/www.linkedin.com\/in\/alhassane-bah-264b6528\/\" class=\"team-icon fab fa-linkedin-in\"><\/a><\/div><div class=\"team__image-wrapper\"><a href=\"https:\/\/fiduxis.com\/?team=alhassane-bah\" class=\"team__image\"><img decoding=\"async\" src=\"https:\/\/fiduxis.com\/wp-content\/uploads\/2020\/11\/IMG_5118-scaled-540x700.jpg\" alt=\"\" \/><\/a><\/div><\/div><div class=\"team-item_info\"><h2 class=\"team-title\"><a href=\"https:\/\/fiduxis.com\/?team=alhassane-bah\">Alhassane Bah<\/a><\/h2><div class=\"team-department\">Associ\u00e9 G\u00e9rant<\/div><\/div><\/div><\/div><div class=\"team-item\"><div class=\"team-item_wrap\"><div class=\"team__media-wrapper\"><div class=\"team__icons\"><a href=\"https:\/\/www.linkedin.com\/\" class=\"team-icon fab fa-linkedin-in\"><\/a><\/div><div class=\"team__image-wrapper\"><a href=\"https:\/\/fiduxis.com\/?team=maazou-elhadji-issa\" class=\"team__image\"><img decoding=\"async\" src=\"https:\/\/fiduxis.com\/wp-content\/uploads\/2020\/11\/IMG_0104-min-scaled-540x700.jpg\" alt=\"\" \/><\/a><\/div><\/div><div class=\"team-item_info\"><h2 class=\"team-title\"><a href=\"https:\/\/fiduxis.com\/?team=maazou-elhadji-issa\">Maazou Elhadji Issa<\/a><\/h2><div class=\"team-department\">Directeur Conseil<\/div><\/div><\/div><\/div><div class=\"team-item\"><div class=\"team-item_wrap\"><div class=\"team__media-wrapper\"><div class=\"team__icons\"><a href=\"https:\/\/www.linkedin.com\/in\/kadidjatou-bah-8133b21a\/\" class=\"team-icon fab fa-linkedin-in\"><\/a><\/div><div class=\"team__image-wrapper\"><a href=\"https:\/\/fiduxis.com\/?team=kadidjatou-bah\" class=\"team__image\"><img decoding=\"async\" src=\"https:\/\/fiduxis.com\/wp-content\/uploads\/2020\/11\/IMG_0144-scaled-540x700.jpg\" alt=\"\" \/><\/a><\/div><\/div><div class=\"team-item_info\"><h2 class=\"team-title\"><a href=\"https:\/\/fiduxis.com\/?team=kadidjatou-bah\">Kadidjatou Bah<\/a><\/h2><div class=\"team-department\">Directrice Capital humain<\/div><\/div><\/div><\/div><div class=\"team-item\"><div class=\"team-item_wrap\"><div class=\"team__media-wrapper\"><div class=\"team__icons\"><a href=\"https:\/\/www.linkedin.com\/in\/mariama-cir%C3%A9-traore-379446175\/\" class=\"team-icon fab fa-linkedin\"><\/a><\/div><div class=\"team__image-wrapper\"><a href=\"https:\/\/fiduxis.com\/?team=mariama-cire-traore-2\" class=\"team__image\"><img decoding=\"async\" src=\"https:\/\/fiduxis.com\/wp-content\/uploads\/2022\/11\/Untitled-design-3-540x700.jpg\" alt=\"\" \/><\/a><\/div><\/div><div class=\"team-item_info\"><h2 class=\"team-title\"><a href=\"https:\/\/fiduxis.com\/?team=mariama-cire-traore-2\">Mariama Cir\u00e9 Traor\u00e9<\/a><\/h2><div class=\"team-department\">Directrice Tax &amp; Legal<\/div><\/div><\/div><\/div><div class=\"team-item\"><div class=\"team-item_wrap\"><div class=\"team__media-wrapper\"><div class=\"team__icons\"><a href=\"https:\/\/www.linkedin.com\/in\/ousmane-barry-42517413\/\" class=\"team-icon fab fa-linkedin-in\"><\/a><\/div><div class=\"team__image-wrapper\"><a href=\"https:\/\/fiduxis.com\/?team=ousmane-barry\" class=\"team__image\"><img decoding=\"async\" src=\"https:\/\/fiduxis.com\/wp-content\/uploads\/2020\/11\/IMG_0064-min-scaled-540x700.jpg\" alt=\"\" \/><\/a><\/div><\/div><div class=\"team-item_info\"><h2 class=\"team-title\"><a href=\"https:\/\/fiduxis.com\/?team=ousmane-barry\">Ousmane Barry<\/a><\/h2><div class=\"team-department\">Directeur Consulting<\/div><\/div><\/div><\/div><div class=\"team-item\"><div class=\"team-item_wrap\"><div class=\"team__media-wrapper\"><div class=\"team__icons\"><a href=\"https:\/\/www.linkedin.com\/in\/saikou-yaya-barry-4385b288\/\" class=\"team-icon fab fa-linkedin-in\"><\/a><\/div><div class=\"team__image-wrapper\"><a href=\"https:\/\/fiduxis.com\/?team=saikou-yaya-barry\" class=\"team__image\"><img decoding=\"async\" src=\"https:\/\/fiduxis.com\/wp-content\/uploads\/2020\/11\/IMG_0147-scaled-540x700.jpg\" alt=\"\" \/><\/a><\/div><\/div><div class=\"team-item_info\"><h2 class=\"team-title\"><a href=\"https:\/\/fiduxis.com\/?team=saikou-yaya-barry\">Saikou Yaya Barry<\/a><\/h2><div class=\"team-department\">Senior Manager, services comptables<\/div><\/div><\/div><\/div><div class=\"team-item\"><div class=\"team-item_wrap\"><div class=\"team__media-wrapper\"><div class=\"team__image-wrapper\"><a href=\"https:\/\/fiduxis.com\/?team=amadou-oury-diallo\" class=\"team__image\"><img decoding=\"async\" src=\"https:\/\/fiduxis.com\/wp-content\/uploads\/2022\/06\/IMG_0034-scaled-540x700.jpg\" alt=\"\" \/><\/a><\/div><\/div><div class=\"team-item_info\"><h2 class=\"team-title\"><a href=\"https:\/\/fiduxis.com\/?team=amadou-oury-diallo\">Amadou Oury Diallo<\/a><\/h2><div class=\"team-department\">Manager Audit<\/div><\/div><\/div><\/div>            <\/div>\r\n        <\/div>\r\n        \t\t<\/div>\n\t\t\t\t<\/div>\n\t\t\t\t\t<\/div>\n\t\t<\/div>\n\t\t\t\t\t<\/div>\n\t\t<\/section>\n\t\t\t\t<\/div>\n\t\t","protected":false},"excerpt":{"rendered":"<p>MEET OUR TEAM Alhassane Bah Associ\u00e9 G\u00e9rant Maazou Elhadji Issa Directeur Conseil Kadidjatou Bah Directrice Capital humain Mariama Cir\u00e9 Traor\u00e9 Directrice Tax &amp; Legal Ousmane Barry Directeur Consulting Djoudja Bald\u00e9 Senior Manager, Financial Advisory Saikou Yaya Barry Senior Manager, services comptables Amadou Oury Diallo Manager Audit<\/p>\n","protected":false},"author":1,"featured_media":0,"parent":0,"menu_order":0,"comment_status":"closed","ping_status":"closed","template":"","meta":{"footnotes":""},"class_list":["post-7686","page","type-page","status-publish","hentry"],"yoast_head":"<!-- This site is optimized with the Yoast SEO plugin v22.2 - https:\/\/yoast.com\/wordpress\/plugins\/seo\/ -->\n<title>Our Team - Fiduxis<\/title>\n<meta name=\"robots\" content=\"index, follow, max-snippet:-1, max-image-preview:large, max-video-preview:-1\" \/>\n<link rel=\"canonical\" href=\"https:\/\/fiduxis.com\/?page_id=7686&lang=en\" \/>\n<meta property=\"og:locale\" content=\"fr_FR\" \/>\n<meta property=\"og:type\" content=\"article\" \/>\n<meta property=\"og:title\" content=\"Our Team - Fiduxis\" \/>\n<meta property=\"og:description\" content=\"MEET OUR TEAM Alhassane Bah Associ\u00e9 G\u00e9rant Maazou Elhadji Issa Directeur Conseil Kadidjatou Bah Directrice Capital humain Mariama Cir\u00e9 Traor\u00e9 Directrice Tax &amp; Legal Ousmane Barry Directeur Consulting Djoudja Bald\u00e9 Senior Manager, Financial Advisory Saikou Yaya Barry Senior Manager, services comptables Amadou Oury Diallo Manager Audit\" \/>\n<meta property=\"og:url\" content=\"https:\/\/fiduxis.com\/?page_id=7686&amp;lang=en\" \/>\n<meta property=\"og:site_name\" content=\"Fiduxis\" \/>\n<meta property=\"article:modified_time\" content=\"2024-02-24T11:33:18+00:00\" \/>\n<meta property=\"og:image\" content=\"http:\/\/fiduxis.com\/wp-content\/uploads\/2020\/11\/elements_01-3.png\" \/>\n<meta name=\"twitter:card\" content=\"summary_large_image\" \/>\n<meta name=\"twitter:label1\" content=\"Dur\u00e9e de lecture estim\u00e9e\" \/>\n\t<meta name=\"twitter:data1\" content=\"3 minutes\" \/>\n<script type=\"application\/ld+json\" class=\"yoast-schema-graph\">{\"@context\":\"https:\/\/schema.org\",\"@graph\":[{\"@type\":\"WebPage\",\"@id\":\"https:\/\/fiduxis.com\/?page_id=7686&lang=en\",\"url\":\"https:\/\/fiduxis.com\/?page_id=7686&lang=en\",\"name\":\"Our Team - Fiduxis\",\"isPartOf\":{\"@id\":\"https:\/\/fiduxis.com\/#website\"},\"primaryImageOfPage\":{\"@id\":\"https:\/\/fiduxis.com\/?page_id=7686&lang=en#primaryimage\"},\"image\":{\"@id\":\"https:\/\/fiduxis.com\/?page_id=7686&lang=en#primaryimage\"},\"thumbnailUrl\":\"http:\/\/fiduxis.com\/wp-content\/uploads\/2020\/11\/elements_01-3.png\",\"datePublished\":\"2022-11-27T22:56:05+00:00\",\"dateModified\":\"2024-02-24T11:33:18+00:00\",\"breadcrumb\":{\"@id\":\"https:\/\/fiduxis.com\/?page_id=7686&lang=en#breadcrumb\"},\"inLanguage\":\"fr-FR\",\"potentialAction\":[{\"@type\":\"ReadAction\",\"target\":[\"https:\/\/fiduxis.com\/?page_id=7686&lang=en\"]}]},{\"@type\":\"ImageObject\",\"inLanguage\":\"fr-FR\",\"@id\":\"https:\/\/fiduxis.com\/?page_id=7686&lang=en#primaryimage\",\"url\":\"https:\/\/fiduxis.com\/wp-content\/uploads\/2020\/11\/elements_01-3.png\",\"contentUrl\":\"https:\/\/fiduxis.com\/wp-content\/uploads\/2020\/11\/elements_01-3.png\",\"width\":247,\"height\":630,\"caption\":\"image\"},{\"@type\":\"BreadcrumbList\",\"@id\":\"https:\/\/fiduxis.com\/?page_id=7686&lang=en#breadcrumb\",\"itemListElement\":[{\"@type\":\"ListItem\",\"position\":1,\"name\":\"Accueil\",\"item\":\"https:\/\/fiduxis.com\/\"},{\"@type\":\"ListItem\",\"position\":2,\"name\":\"Our Team\"}]},{\"@type\":\"WebSite\",\"@id\":\"https:\/\/fiduxis.com\/#website\",\"url\":\"https:\/\/fiduxis.com\/\",\"name\":\"Fiduxis\",\"description\":\"Un cabinet de services int\u00e9gr\u00e9s\",\"potentialAction\":[{\"@type\":\"SearchAction\",\"target\":{\"@type\":\"EntryPoint\",\"urlTemplate\":\"https:\/\/fiduxis.com\/?s={search_term_string}\"},\"query-input\":\"required name=search_term_string\"}],\"inLanguage\":\"fr-FR\"}]}<\/script>\n<!-- \/ Yoast SEO plugin. -->","yoast_head_json":{"title":"Our Team - Fiduxis","robots":{"index":"index","follow":"follow","max-snippet":"max-snippet:-1","max-image-preview":"max-image-preview:large","max-video-preview":"max-video-preview:-1"},"canonical":"https:\/\/fiduxis.com\/?page_id=7686&lang=en","og_locale":"fr_FR","og_type":"article","og_title":"Our Team - Fiduxis","og_description":"MEET OUR TEAM Alhassane Bah Associ\u00e9 G\u00e9rant Maazou Elhadji Issa Directeur Conseil Kadidjatou Bah Directrice Capital humain Mariama Cir\u00e9 Traor\u00e9 Directrice Tax &amp; Legal Ousmane Barry Directeur Consulting Djoudja Bald\u00e9 Senior Manager, Financial Advisory Saikou Yaya Barry Senior Manager, services comptables Amadou Oury Diallo Manager Audit","og_url":"https:\/\/fiduxis.com\/?page_id=7686&lang=en","og_site_name":"Fiduxis","article_modified_time":"2024-02-24T11:33:18+00:00","og_image":[{"url":"http:\/\/fiduxis.com\/wp-content\/uploads\/2020\/11\/elements_01-3.png"}],"twitter_card":"summary_large_image","twitter_misc":{"Dur\u00e9e de lecture estim\u00e9e":"3 minutes"},"schema":{"@context":"https:\/\/schema.org","@graph":[{"@type":"WebPage","@id":"https:\/\/fiduxis.com\/?page_id=7686&lang=en","url":"https:\/\/fiduxis.com\/?page_id=7686&lang=en","name":"Our Team - Fiduxis","isPartOf":{"@id":"https:\/\/fiduxis.com\/#website"},"primaryImageOfPage":{"@id":"https:\/\/fiduxis.com\/?page_id=7686&lang=en#primaryimage"},"image":{"@id":"https:\/\/fiduxis.com\/?page_id=7686&lang=en#primaryimage"},"thumbnailUrl":"http:\/\/fiduxis.com\/wp-content\/uploads\/2020\/11\/elements_01-3.png","datePublished":"2022-11-27T22:56:05+00:00","dateModified":"2024-02-24T11:33:18+00:00","breadcrumb":{"@id":"https:\/\/fiduxis.com\/?page_id=7686&lang=en#breadcrumb"},"inLanguage":"fr-FR","potentialAction":[{"@type":"ReadAction","target":["https:\/\/fiduxis.com\/?page_id=7686&lang=en"]}]},{"@type":"ImageObject","inLanguage":"fr-FR","@id":"https:\/\/fiduxis.com\/?page_id=7686&lang=en#primaryimage","url":"https:\/\/fiduxis.com\/wp-content\/uploads\/2020\/11\/elements_01-3.png","contentUrl":"https:\/\/fiduxis.com\/wp-content\/uploads\/2020\/11\/elements_01-3.png","width":247,"height":630,"caption":"image"},{"@type":"BreadcrumbList","@id":"https:\/\/fiduxis.com\/?page_id=7686&lang=en#breadcrumb","itemListElement":[{"@type":"ListItem","position":1,"name":"Accueil","item":"https:\/\/fiduxis.com\/"},{"@type":"ListItem","position":2,"name":"Our Team"}]},{"@type":"WebSite","@id":"https:\/\/fiduxis.com\/#website","url":"https:\/\/fiduxis.com\/","name":"Fiduxis","description":"Un cabinet de services int\u00e9gr\u00e9s","potentialAction":[{"@type":"SearchAction","target":{"@type":"EntryPoint","urlTemplate":"https:\/\/fiduxis.com\/?s={search_term_string}"},"query-input":"required name=search_term_string"}],"inLanguage":"fr-FR"}]}},"lang":"en","translations":{"en":7686,"fr":6189},"pll_sync_post":[],"_links":{"self":[{"href":"https:\/\/fiduxis.com\/index.php?rest_route=\/wp\/v2\/pages\/7686","targetHints":{"allow":["GET"]}}],"collection":[{"href":"https:\/\/fiduxis.com\/index.php?rest_route=\/wp\/v2\/pages"}],"about":[{"href":"https:\/\/fiduxis.com\/index.php?rest_route=\/wp\/v2\/types\/page"}],"author":[{"embeddable":true,"href":"https:\/\/fiduxis.com\/index.php?rest_route=\/wp\/v2\/users\/1"}],"replies":[{"embeddable":true,"href":"https:\/\/fiduxis.com\/index.php?rest_route=%2Fwp%2Fv2%2Fcomments&post=7686"}],"version-history":[{"count":17,"href":"https:\/\/fiduxis.com\/index.php?rest_route=\/wp\/v2\/pages\/7686\/revisions"}],"predecessor-version":[{"id":8579,"href":"https:\/\/fiduxis.com\/index.php?rest_route=\/wp\/v2\/pages\/7686\/revisions\/8579"}],"wp:attachment":[{"href":"https:\/\/fiduxis.com\/index.php?rest_route=%2Fwp%2Fv2%2Fmedia&parent=7686"}],"curies":[{"name":"wp","href":"https:\/\/api.w.org\/{rel}","templated":true}]}}