{"id":6187,"date":"2022-04-05T14:53:14","date_gmt":"2022-04-05T12:53:14","guid":{"rendered":"https:\/\/fiduxis.com\/?page_id=6187"},"modified":"2024-02-24T11:10:40","modified_gmt":"2024-02-24T10:10:40","slug":"engagement-rse","status":"publish","type":"page","link":"https:\/\/fiduxis.com\/?page_id=6187","title":{"rendered":"Engagement RSE"},"content":{"rendered":"\t\t<div data-elementor-type=\"wp-page\" data-elementor-id=\"6187\" class=\"elementor elementor-6187\">\n\t\t\t\t\t\t<section class=\"elementor-section elementor-top-section elementor-element elementor-element-8e93275 elementor-section-boxed elementor-section-height-default elementor-section-height-default\" data-id=\"8e93275\" data-element_type=\"section\">\n\t\t\t\t\t\t<div class=\"elementor-container elementor-column-gap-default\">\n\t\t\t\t\t<div class=\"elementor-column elementor-col-100 elementor-top-column elementor-element elementor-element-1f93702\" data-id=\"1f93702\" data-element_type=\"column\">\n\t\t\t<div class=\"elementor-widget-wrap elementor-element-populated\">\n\t\t\t\t\t\t<div class=\"elementor-element elementor-element-4564c1a elementor-widget__width-initial elementor-absolute elementor-hidden-tablet elementor-hidden-phone elementor-widget elementor-widget-wgl-image-animate\" data-id=\"4564c1a\" data-element_type=\"widget\" data-settings=\"{&quot;_position&quot;:&quot;absolute&quot;}\" data-widget_type=\"wgl-image-animate.default\">\n\t\t\t\t<div class=\"elementor-widget-container\">\n\t\t\t<div class=\"wgl-image-animate\"><div class=\"img-layer_image-wrapper up_down3\" style=\"z-index: 1\">\r\n                <div class=\"img-layer_item\" style=\"transform: translate(0%, -2%);\">\r\n                    <div class=\"img-layer_image\" style=\"animation-duration: 5s;\">\r\n                        <img decoding=\"async\" src=\"http:\/\/fiduxis.com\/wp-content\/uploads\/2020\/11\/elements_01-3.png\" alt=\"\" \/>\r\n                    <\/div>\r\n                <\/div>\r\n            <\/div><div class=\"img-layer_image-wrapper up_down2\" style=\"z-index: 1\">\r\n                <div class=\"img-layer_item\" style=\"transform: translate(0%, -1.5%);\">\r\n                    <div class=\"img-layer_image\" style=\"animation-duration: 5s;\">\r\n                        <img decoding=\"async\" src=\"http:\/\/fiduxis.com\/wp-content\/uploads\/2020\/11\/elements_01-2.png\" alt=\"image\" \/>\r\n                    <\/div>\r\n                <\/div>\r\n            <\/div><div class=\"img-layer_image-wrapper up_down\" style=\"z-index: 1\">\r\n                <div class=\"img-layer_item\" style=\"transform: translate(0%, 0%);\">\r\n                    <div class=\"img-layer_image\" style=\"animation-duration: 5s;\">\r\n                        <img decoding=\"async\" src=\"http:\/\/fiduxis.com\/wp-content\/uploads\/2020\/11\/elements_01-1.png\" alt=\"\" \/>\r\n                    <\/div>\r\n                <\/div>\r\n            <\/div><\/div>\t\t<\/div>\n\t\t\t\t<\/div>\n\t\t\t\t<div class=\"elementor-element elementor-element-1667ca9 elementor-widget elementor-widget-spacer\" data-id=\"1667ca9\" data-element_type=\"widget\" data-widget_type=\"spacer.default\">\n\t\t\t\t<div class=\"elementor-widget-container\">\n\t\t\t<style>\/*! elementor - v3.20.0 - 13-03-2024 *\/\n.elementor-column .elementor-spacer-inner{height:var(--spacer-size)}.e-con{--container-widget-width:100%}.e-con-inner>.elementor-widget-spacer,.e-con>.elementor-widget-spacer{width:var(--container-widget-width,var(--spacer-size));--align-self:var(--container-widget-align-self,initial);--flex-shrink:0}.e-con-inner>.elementor-widget-spacer>.elementor-widget-container,.e-con>.elementor-widget-spacer>.elementor-widget-container{height:100%;width:100%}.e-con-inner>.elementor-widget-spacer>.elementor-widget-container>.elementor-spacer,.e-con>.elementor-widget-spacer>.elementor-widget-container>.elementor-spacer{height:100%}.e-con-inner>.elementor-widget-spacer>.elementor-widget-container>.elementor-spacer>.elementor-spacer-inner,.e-con>.elementor-widget-spacer>.elementor-widget-container>.elementor-spacer>.elementor-spacer-inner{height:var(--container-widget-height,var(--spacer-size))}.e-con-inner>.elementor-widget-spacer.elementor-widget-empty,.e-con>.elementor-widget-spacer.elementor-widget-empty{position:relative;min-height:22px;min-width:22px}.e-con-inner>.elementor-widget-spacer.elementor-widget-empty .elementor-widget-empty-icon,.e-con>.elementor-widget-spacer.elementor-widget-empty .elementor-widget-empty-icon{position:absolute;top:0;bottom:0;left:0;right:0;margin:auto;padding:0;width:22px;height:22px}<\/style>\t\t<div class=\"elementor-spacer\">\n\t\t\t<div class=\"elementor-spacer-inner\"><\/div>\n\t\t<\/div>\n\t\t\t\t<\/div>\n\t\t\t\t<\/div>\n\t\t\t\t<section class=\"elementor-section elementor-inner-section elementor-element elementor-element-61b4fc1 elementor-section-boxed elementor-section-height-default elementor-section-height-default\" data-id=\"61b4fc1\" data-element_type=\"section\">\n\t\t\t\t\t\t<div class=\"elementor-container elementor-column-gap-default\">\n\t\t\t\t\t<div class=\"elementor-column elementor-col-100 elementor-inner-column elementor-element elementor-element-b16023b\" data-id=\"b16023b\" data-element_type=\"column\">\n\t\t\t<div class=\"elementor-widget-wrap elementor-element-populated\">\n\t\t\t\t\t\t<div class=\"elementor-element elementor-element-aad730f elementor-widget elementor-widget-text-editor\" data-id=\"aad730f\" data-element_type=\"widget\" data-widget_type=\"text-editor.default\">\n\t\t\t\t<div class=\"elementor-widget-container\">\n\t\t\t<style>\/*! elementor - v3.20.0 - 13-03-2024 *\/\n.elementor-widget-text-editor.elementor-drop-cap-view-stacked .elementor-drop-cap{background-color:#69727d;color:#fff}.elementor-widget-text-editor.elementor-drop-cap-view-framed .elementor-drop-cap{color:#69727d;border:3px solid;background-color:transparent}.elementor-widget-text-editor:not(.elementor-drop-cap-view-default) .elementor-drop-cap{margin-top:8px}.elementor-widget-text-editor:not(.elementor-drop-cap-view-default) .elementor-drop-cap-letter{width:1em;height:1em}.elementor-widget-text-editor .elementor-drop-cap{float:left;text-align:center;line-height:1;font-size:50px}.elementor-widget-text-editor .elementor-drop-cap-letter{display:inline-block}<\/style>\t\t\t\t<p>Nous tenons \u00e0 jouer pleinement notre r\u00f4le d\u2019acteur \u00e9conomique et social, solidaire et engag\u00e9 dans les communaut\u00e9s o\u00f9 nous exer\u00e7ons nos activit\u00e9s. C\u2019est dans ce cadre que nous avons cr\u00e9\u00e9 FIDIMPACT, un programme d\u2019accompagnement et d\u2019acc\u00e9l\u00e9ration de start-up et PME guin\u00e9ennes.<\/p><p>FIDIMPACT vise \u00e0 accompagner les start-up et PME par le renforcement de leurs capacit\u00e9s. Concr\u00e8tement, nous fournissons des services d\u2019appui et des solutions d\u2019assistance.<\/p>\t\t\t\t\t\t<\/div>\n\t\t\t\t<\/div>\n\t\t\t\t\t<\/div>\n\t\t<\/div>\n\t\t\t\t\t<\/div>\n\t\t<\/section>\n\t\t\t\t<div class=\"elementor-element elementor-element-3a5ebdd elementor-widget elementor-widget-spacer\" data-id=\"3a5ebdd\" data-element_type=\"widget\" data-widget_type=\"spacer.default\">\n\t\t\t\t<div class=\"elementor-widget-container\">\n\t\t\t\t\t<div class=\"elementor-spacer\">\n\t\t\t<div class=\"elementor-spacer-inner\"><\/div>\n\t\t<\/div>\n\t\t\t\t<\/div>\n\t\t\t\t<\/div>\n\t\t\t\t\t<\/div>\n\t\t<\/div>\n\t\t\t\t\t<\/div>\n\t\t<\/section>\n\t\t\t\t<\/div>\n\t\t","protected":false},"excerpt":{"rendered":"<p>Nous tenons \u00e0 jouer pleinement notre r\u00f4le d\u2019acteur \u00e9conomique et social, solidaire et engag\u00e9 dans les communaut\u00e9s o\u00f9 nous exer\u00e7ons nos activit\u00e9s. C\u2019est dans ce cadre que nous avons cr\u00e9\u00e9 FIDIMPACT, un programme d\u2019accompagnement et d\u2019acc\u00e9l\u00e9ration de start-up et PME guin\u00e9ennes. FIDIMPACT vise \u00e0 accompagner les start-up et PME par le renforcement de leurs capacit\u00e9s. [&hellip;]<\/p>\n","protected":false},"author":1,"featured_media":0,"parent":0,"menu_order":0,"comment_status":"closed","ping_status":"closed","template":"","meta":{"footnotes":""},"class_list":["post-6187","page","type-page","status-publish","hentry"],"yoast_head":"<!-- This site is optimized with the Yoast SEO plugin v22.2 - https:\/\/yoast.com\/wordpress\/plugins\/seo\/ -->\n<title>Engagement RSE - Fiduxis<\/title>\n<meta name=\"robots\" content=\"index, follow, max-snippet:-1, max-image-preview:large, max-video-preview:-1\" \/>\n<link rel=\"canonical\" href=\"https:\/\/fiduxis.com\/?page_id=6187\" \/>\n<meta property=\"og:locale\" content=\"fr_FR\" \/>\n<meta property=\"og:type\" content=\"article\" \/>\n<meta property=\"og:title\" content=\"Engagement RSE - Fiduxis\" \/>\n<meta property=\"og:description\" content=\"Nous tenons \u00e0 jouer pleinement notre r\u00f4le d\u2019acteur \u00e9conomique et social, solidaire et engag\u00e9 dans les communaut\u00e9s o\u00f9 nous exer\u00e7ons nos activit\u00e9s. C\u2019est dans ce cadre que nous avons cr\u00e9\u00e9 FIDIMPACT, un programme d\u2019accompagnement et d\u2019acc\u00e9l\u00e9ration de start-up et PME guin\u00e9ennes. FIDIMPACT vise \u00e0 accompagner les start-up et PME par le renforcement de leurs capacit\u00e9s. [&hellip;]\" \/>\n<meta property=\"og:url\" content=\"https:\/\/fiduxis.com\/?page_id=6187\" \/>\n<meta property=\"og:site_name\" content=\"Fiduxis\" \/>\n<meta property=\"article:modified_time\" content=\"2024-02-24T10:10:40+00:00\" \/>\n<meta property=\"og:image\" content=\"http:\/\/fiduxis.com\/wp-content\/uploads\/2020\/11\/elements_01-3.png\" \/>\n<meta name=\"twitter:card\" content=\"summary_large_image\" \/>\n<meta name=\"twitter:label1\" content=\"Dur\u00e9e de lecture estim\u00e9e\" \/>\n\t<meta name=\"twitter:data1\" content=\"1 minute\" \/>\n<script type=\"application\/ld+json\" class=\"yoast-schema-graph\">{\"@context\":\"https:\/\/schema.org\",\"@graph\":[{\"@type\":\"WebPage\",\"@id\":\"https:\/\/fiduxis.com\/?page_id=6187\",\"url\":\"https:\/\/fiduxis.com\/?page_id=6187\",\"name\":\"Engagement RSE - Fiduxis\",\"isPartOf\":{\"@id\":\"https:\/\/fiduxis.com\/#website\"},\"primaryImageOfPage\":{\"@id\":\"https:\/\/fiduxis.com\/?page_id=6187#primaryimage\"},\"image\":{\"@id\":\"https:\/\/fiduxis.com\/?page_id=6187#primaryimage\"},\"thumbnailUrl\":\"http:\/\/fiduxis.com\/wp-content\/uploads\/2020\/11\/elements_01-3.png\",\"datePublished\":\"2022-04-05T12:53:14+00:00\",\"dateModified\":\"2024-02-24T10:10:40+00:00\",\"breadcrumb\":{\"@id\":\"https:\/\/fiduxis.com\/?page_id=6187#breadcrumb\"},\"inLanguage\":\"fr-FR\",\"potentialAction\":[{\"@type\":\"ReadAction\",\"target\":[\"https:\/\/fiduxis.com\/?page_id=6187\"]}]},{\"@type\":\"ImageObject\",\"inLanguage\":\"fr-FR\",\"@id\":\"https:\/\/fiduxis.com\/?page_id=6187#primaryimage\",\"url\":\"https:\/\/fiduxis.com\/wp-content\/uploads\/2020\/11\/elements_01-3.png\",\"contentUrl\":\"https:\/\/fiduxis.com\/wp-content\/uploads\/2020\/11\/elements_01-3.png\",\"width\":247,\"height\":630,\"caption\":\"image\"},{\"@type\":\"BreadcrumbList\",\"@id\":\"https:\/\/fiduxis.com\/?page_id=6187#breadcrumb\",\"itemListElement\":[{\"@type\":\"ListItem\",\"position\":1,\"name\":\"Accueil\",\"item\":\"https:\/\/fiduxis.com\/\"},{\"@type\":\"ListItem\",\"position\":2,\"name\":\"Engagement RSE\"}]},{\"@type\":\"WebSite\",\"@id\":\"https:\/\/fiduxis.com\/#website\",\"url\":\"https:\/\/fiduxis.com\/\",\"name\":\"Fiduxis\",\"description\":\"Un cabinet de services int\u00e9gr\u00e9s\",\"potentialAction\":[{\"@type\":\"SearchAction\",\"target\":{\"@type\":\"EntryPoint\",\"urlTemplate\":\"https:\/\/fiduxis.com\/?s={search_term_string}\"},\"query-input\":\"required name=search_term_string\"}],\"inLanguage\":\"fr-FR\"}]}<\/script>\n<!-- \/ Yoast SEO plugin. -->","yoast_head_json":{"title":"Engagement RSE - Fiduxis","robots":{"index":"index","follow":"follow","max-snippet":"max-snippet:-1","max-image-preview":"max-image-preview:large","max-video-preview":"max-video-preview:-1"},"canonical":"https:\/\/fiduxis.com\/?page_id=6187","og_locale":"fr_FR","og_type":"article","og_title":"Engagement RSE - Fiduxis","og_description":"Nous tenons \u00e0 jouer pleinement notre r\u00f4le d\u2019acteur \u00e9conomique et social, solidaire et engag\u00e9 dans les communaut\u00e9s o\u00f9 nous exer\u00e7ons nos activit\u00e9s. C\u2019est dans ce cadre que nous avons cr\u00e9\u00e9 FIDIMPACT, un programme d\u2019accompagnement et d\u2019acc\u00e9l\u00e9ration de start-up et PME guin\u00e9ennes. FIDIMPACT vise \u00e0 accompagner les start-up et PME par le renforcement de leurs capacit\u00e9s. [&hellip;]","og_url":"https:\/\/fiduxis.com\/?page_id=6187","og_site_name":"Fiduxis","article_modified_time":"2024-02-24T10:10:40+00:00","og_image":[{"url":"http:\/\/fiduxis.com\/wp-content\/uploads\/2020\/11\/elements_01-3.png"}],"twitter_card":"summary_large_image","twitter_misc":{"Dur\u00e9e de lecture estim\u00e9e":"1 minute"},"schema":{"@context":"https:\/\/schema.org","@graph":[{"@type":"WebPage","@id":"https:\/\/fiduxis.com\/?page_id=6187","url":"https:\/\/fiduxis.com\/?page_id=6187","name":"Engagement RSE - Fiduxis","isPartOf":{"@id":"https:\/\/fiduxis.com\/#website"},"primaryImageOfPage":{"@id":"https:\/\/fiduxis.com\/?page_id=6187#primaryimage"},"image":{"@id":"https:\/\/fiduxis.com\/?page_id=6187#primaryimage"},"thumbnailUrl":"http:\/\/fiduxis.com\/wp-content\/uploads\/2020\/11\/elements_01-3.png","datePublished":"2022-04-05T12:53:14+00:00","dateModified":"2024-02-24T10:10:40+00:00","breadcrumb":{"@id":"https:\/\/fiduxis.com\/?page_id=6187#breadcrumb"},"inLanguage":"fr-FR","potentialAction":[{"@type":"ReadAction","target":["https:\/\/fiduxis.com\/?page_id=6187"]}]},{"@type":"ImageObject","inLanguage":"fr-FR","@id":"https:\/\/fiduxis.com\/?page_id=6187#primaryimage","url":"https:\/\/fiduxis.com\/wp-content\/uploads\/2020\/11\/elements_01-3.png","contentUrl":"https:\/\/fiduxis.com\/wp-content\/uploads\/2020\/11\/elements_01-3.png","width":247,"height":630,"caption":"image"},{"@type":"BreadcrumbList","@id":"https:\/\/fiduxis.com\/?page_id=6187#breadcrumb","itemListElement":[{"@type":"ListItem","position":1,"name":"Accueil","item":"https:\/\/fiduxis.com\/"},{"@type":"ListItem","position":2,"name":"Engagement RSE"}]},{"@type":"WebSite","@id":"https:\/\/fiduxis.com\/#website","url":"https:\/\/fiduxis.com\/","name":"Fiduxis","description":"Un cabinet de services int\u00e9gr\u00e9s","potentialAction":[{"@type":"SearchAction","target":{"@type":"EntryPoint","urlTemplate":"https:\/\/fiduxis.com\/?s={search_term_string}"},"query-input":"required name=search_term_string"}],"inLanguage":"fr-FR"}]}},"lang":"fr","translations":{"fr":6187,"en":7510},"pll_sync_post":[],"_links":{"self":[{"href":"https:\/\/fiduxis.com\/index.php?rest_route=\/wp\/v2\/pages\/6187","targetHints":{"allow":["GET"]}}],"collection":[{"href":"https:\/\/fiduxis.com\/index.php?rest_route=\/wp\/v2\/pages"}],"about":[{"href":"https:\/\/fiduxis.com\/index.php?rest_route=\/wp\/v2\/types\/page"}],"author":[{"embeddable":true,"href":"https:\/\/fiduxis.com\/index.php?rest_route=\/wp\/v2\/users\/1"}],"replies":[{"embeddable":true,"href":"https:\/\/fiduxis.com\/index.php?rest_route=%2Fwp%2Fv2%2Fcomments&post=6187"}],"version-history":[{"count":43,"href":"https:\/\/fiduxis.com\/index.php?rest_route=\/wp\/v2\/pages\/6187\/revisions"}],"predecessor-version":[{"id":8503,"href":"https:\/\/fiduxis.com\/index.php?rest_route=\/wp\/v2\/pages\/6187\/revisions\/8503"}],"wp:attachment":[{"href":"https:\/\/fiduxis.com\/index.php?rest_route=%2Fwp%2Fv2%2Fmedia&parent=6187"}],"curies":[{"name":"wp","href":"https:\/\/api.w.org\/{rel}","templated":true}]}}