{"id":6176,"date":"2022-04-05T14:44:26","date_gmt":"2022-04-05T12:44:26","guid":{"rendered":"https:\/\/fiduxis.com\/?page_id=6176"},"modified":"2024-02-24T11:09:35","modified_gmt":"2024-02-24T10:09:35","slug":"raison-detre-mission-et-valeurs","status":"publish","type":"page","link":"https:\/\/fiduxis.com\/?page_id=6176","title":{"rendered":"Raison d&#8217;\u00eatre, mission et valeurs"},"content":{"rendered":"\t\t<div data-elementor-type=\"wp-page\" data-elementor-id=\"6176\" class=\"elementor elementor-6176\">\n\t\t\t\t\t\t<section class=\"elementor-section elementor-top-section elementor-element elementor-element-be151e9 elementor-section-boxed elementor-section-height-default elementor-section-height-default\" data-id=\"be151e9\" data-element_type=\"section\">\n\t\t\t\t\t\t<div class=\"elementor-container elementor-column-gap-default\">\n\t\t\t\t\t<div class=\"elementor-column elementor-col-100 elementor-top-column elementor-element elementor-element-e7915f1\" data-id=\"e7915f1\" data-element_type=\"column\">\n\t\t\t<div class=\"elementor-widget-wrap elementor-element-populated\">\n\t\t\t\t\t\t<div class=\"elementor-element elementor-element-f4dc0be elementor-widget elementor-widget-heading\" data-id=\"f4dc0be\" data-element_type=\"widget\" data-widget_type=\"heading.default\">\n\t\t\t\t<div class=\"elementor-widget-container\">\n\t\t\t<style>\/*! elementor - v3.20.0 - 13-03-2024 *\/\n.elementor-heading-title{padding:0;margin:0;line-height:1}.elementor-widget-heading .elementor-heading-title[class*=elementor-size-]>a{color:inherit;font-size:inherit;line-height:inherit}.elementor-widget-heading .elementor-heading-title.elementor-size-small{font-size:15px}.elementor-widget-heading .elementor-heading-title.elementor-size-medium{font-size:19px}.elementor-widget-heading .elementor-heading-title.elementor-size-large{font-size:29px}.elementor-widget-heading .elementor-heading-title.elementor-size-xl{font-size:39px}.elementor-widget-heading .elementor-heading-title.elementor-size-xxl{font-size:59px}<\/style><h5 class=\"elementor-heading-title elementor-size-default\">D\u00e9velopper un savoir-faire local pour un impact positif sur notre environnement.<\/h5>\t\t<\/div>\n\t\t\t\t<\/div>\n\t\t\t\t<div class=\"elementor-element elementor-element-5ea05c8 elementor-widget elementor-widget-spacer\" data-id=\"5ea05c8\" data-element_type=\"widget\" data-widget_type=\"spacer.default\">\n\t\t\t\t<div class=\"elementor-widget-container\">\n\t\t\t<style>\/*! elementor - v3.20.0 - 13-03-2024 *\/\n.elementor-column .elementor-spacer-inner{height:var(--spacer-size)}.e-con{--container-widget-width:100%}.e-con-inner>.elementor-widget-spacer,.e-con>.elementor-widget-spacer{width:var(--container-widget-width,var(--spacer-size));--align-self:var(--container-widget-align-self,initial);--flex-shrink:0}.e-con-inner>.elementor-widget-spacer>.elementor-widget-container,.e-con>.elementor-widget-spacer>.elementor-widget-container{height:100%;width:100%}.e-con-inner>.elementor-widget-spacer>.elementor-widget-container>.elementor-spacer,.e-con>.elementor-widget-spacer>.elementor-widget-container>.elementor-spacer{height:100%}.e-con-inner>.elementor-widget-spacer>.elementor-widget-container>.elementor-spacer>.elementor-spacer-inner,.e-con>.elementor-widget-spacer>.elementor-widget-container>.elementor-spacer>.elementor-spacer-inner{height:var(--container-widget-height,var(--spacer-size))}.e-con-inner>.elementor-widget-spacer.elementor-widget-empty,.e-con>.elementor-widget-spacer.elementor-widget-empty{position:relative;min-height:22px;min-width:22px}.e-con-inner>.elementor-widget-spacer.elementor-widget-empty .elementor-widget-empty-icon,.e-con>.elementor-widget-spacer.elementor-widget-empty .elementor-widget-empty-icon{position:absolute;top:0;bottom:0;left:0;right:0;margin:auto;padding:0;width:22px;height:22px}<\/style>\t\t<div class=\"elementor-spacer\">\n\t\t\t<div class=\"elementor-spacer-inner\"><\/div>\n\t\t<\/div>\n\t\t\t\t<\/div>\n\t\t\t\t<\/div>\n\t\t\t\t\t<\/div>\n\t\t<\/div>\n\t\t\t\t\t<\/div>\n\t\t<\/section>\n\t\t\t\t<section class=\"elementor-section elementor-top-section elementor-element elementor-element-9f3357f elementor-section-boxed elementor-section-height-default elementor-section-height-default\" data-id=\"9f3357f\" data-element_type=\"section\">\n\t\t\t\t\t\t<div class=\"elementor-container elementor-column-gap-default\">\n\t\t\t\t\t<div class=\"elementor-column elementor-col-33 elementor-top-column elementor-element elementor-element-978034e\" data-id=\"978034e\" data-element_type=\"column\">\n\t\t\t<div class=\"elementor-widget-wrap elementor-element-populated\">\n\t\t\t\t\t\t<div class=\"elementor-element elementor-element-62a07f5 elementor-position-top elementor-widget elementor-widget-image-box\" data-id=\"62a07f5\" data-element_type=\"widget\" data-widget_type=\"image-box.default\">\n\t\t\t\t<div class=\"elementor-widget-container\">\n\t\t\t<style>\/*! elementor - v3.20.0 - 13-03-2024 *\/\n.elementor-widget-image-box .elementor-image-box-content{width:100%}@media (min-width:768px){.elementor-widget-image-box.elementor-position-left .elementor-image-box-wrapper,.elementor-widget-image-box.elementor-position-right .elementor-image-box-wrapper{display:flex}.elementor-widget-image-box.elementor-position-right .elementor-image-box-wrapper{text-align:right;flex-direction:row-reverse}.elementor-widget-image-box.elementor-position-left .elementor-image-box-wrapper{text-align:left;flex-direction:row}.elementor-widget-image-box.elementor-position-top .elementor-image-box-img{margin:auto}.elementor-widget-image-box.elementor-vertical-align-top .elementor-image-box-wrapper{align-items:flex-start}.elementor-widget-image-box.elementor-vertical-align-middle .elementor-image-box-wrapper{align-items:center}.elementor-widget-image-box.elementor-vertical-align-bottom .elementor-image-box-wrapper{align-items:flex-end}}@media (max-width:767px){.elementor-widget-image-box .elementor-image-box-img{margin-left:auto!important;margin-right:auto!important;margin-bottom:15px}}.elementor-widget-image-box .elementor-image-box-img{display:inline-block}.elementor-widget-image-box .elementor-image-box-title a{color:inherit}.elementor-widget-image-box .elementor-image-box-wrapper{text-align:center}.elementor-widget-image-box .elementor-image-box-description{margin:0}<\/style><div class=\"elementor-image-box-wrapper\"><figure class=\"elementor-image-box-img\"><img fetchpriority=\"high\" decoding=\"async\" width=\"512\" height=\"512\" src=\"https:\/\/fiduxis.com\/wp-content\/uploads\/2022\/05\/cube-1.png\" class=\"attachment-full size-full wp-image-7107\" alt=\"\" srcset=\"https:\/\/fiduxis.com\/wp-content\/uploads\/2022\/05\/cube-1.png 512w, https:\/\/fiduxis.com\/wp-content\/uploads\/2022\/05\/cube-1-300x300.png 300w, https:\/\/fiduxis.com\/wp-content\/uploads\/2022\/05\/cube-1-150x150.png 150w\" sizes=\"(max-width: 512px) 100vw, 512px\" \/><\/figure><div class=\"elementor-image-box-content\"><h5 class=\"elementor-image-box-title\">L'INT\u00c9GRIT\u00c9<\/h5><p class=\"elementor-image-box-description\">Nous tenons \u00e0 \u00eatre justes, honn\u00eates et fiables dans notre travail en respectant tous nos engagements de sorte \u00e0 pr\u00e9server la confiance de nos clients et de nos partenaires. \u200b<\/p><\/div><\/div>\t\t<\/div>\n\t\t\t\t<\/div>\n\t\t\t\t\t<\/div>\n\t\t<\/div>\n\t\t\t\t<div class=\"elementor-column elementor-col-33 elementor-top-column elementor-element elementor-element-15247d8\" data-id=\"15247d8\" data-element_type=\"column\">\n\t\t\t<div class=\"elementor-widget-wrap elementor-element-populated\">\n\t\t\t\t\t\t<div class=\"elementor-element elementor-element-a52d0cf elementor-position-top elementor-widget elementor-widget-image-box\" data-id=\"a52d0cf\" data-element_type=\"widget\" data-widget_type=\"image-box.default\">\n\t\t\t\t<div class=\"elementor-widget-container\">\n\t\t\t<div class=\"elementor-image-box-wrapper\"><figure class=\"elementor-image-box-img\"><img decoding=\"async\" width=\"512\" height=\"512\" src=\"https:\/\/fiduxis.com\/wp-content\/uploads\/2022\/05\/medals-1.png\" class=\"attachment-full size-full wp-image-7106\" alt=\"\" srcset=\"https:\/\/fiduxis.com\/wp-content\/uploads\/2022\/05\/medals-1.png 512w, https:\/\/fiduxis.com\/wp-content\/uploads\/2022\/05\/medals-1-300x300.png 300w, https:\/\/fiduxis.com\/wp-content\/uploads\/2022\/05\/medals-1-150x150.png 150w\" sizes=\"(max-width: 512px) 100vw, 512px\" \/><\/figure><div class=\"elementor-image-box-content\"><h5 class=\"elementor-image-box-title\">L'EXCELLENCE<\/h5><p class=\"elementor-image-box-description\">Nous ex\u00e9cutons nos missions consciencieusement et avec professionnalisme, en mobilisant toutes les comp\u00e9tences et ressources n\u00e9cessaires pour d\u00e9livrer le meilleur service possible.<\/p><\/div><\/div>\t\t<\/div>\n\t\t\t\t<\/div>\n\t\t\t\t\t<\/div>\n\t\t<\/div>\n\t\t\t\t<div class=\"elementor-column elementor-col-33 elementor-top-column elementor-element elementor-element-f614ca6\" data-id=\"f614ca6\" data-element_type=\"column\">\n\t\t\t<div class=\"elementor-widget-wrap elementor-element-populated\">\n\t\t\t\t\t\t<div class=\"elementor-element elementor-element-47f7569 elementor-position-top elementor-widget elementor-widget-image-box\" data-id=\"47f7569\" data-element_type=\"widget\" data-widget_type=\"image-box.default\">\n\t\t\t\t<div class=\"elementor-widget-container\">\n\t\t\t<div class=\"elementor-image-box-wrapper\"><figure class=\"elementor-image-box-img\"><img decoding=\"async\" width=\"512\" height=\"512\" src=\"https:\/\/fiduxis.com\/wp-content\/uploads\/2022\/05\/document-1.png\" class=\"attachment-full size-full wp-image-7105\" alt=\"\" srcset=\"https:\/\/fiduxis.com\/wp-content\/uploads\/2022\/05\/document-1.png 512w, https:\/\/fiduxis.com\/wp-content\/uploads\/2022\/05\/document-1-300x300.png 300w, https:\/\/fiduxis.com\/wp-content\/uploads\/2022\/05\/document-1-150x150.png 150w\" sizes=\"(max-width: 512px) 100vw, 512px\" \/><\/figure><div class=\"elementor-image-box-content\"><h5 class=\"elementor-image-box-title\">LA CONFIDENTIALIT\u00c9<\/h5><p class=\"elementor-image-box-description\">Nous prot\u00e9geons, dans le respect de l\u2019obligation de secret professionnel qui s\u2019impose \u00e0 nous, les informations recueillies dans le cadre de nos activit\u00e9s afin de ne pas nuire de quelque fa\u00e7on que ce soit \u00e0 nos clients et \u00e0 nos partenaires.\u200b<\/p><\/div><\/div>\t\t<\/div>\n\t\t\t\t<\/div>\n\t\t\t\t\t<\/div>\n\t\t<\/div>\n\t\t\t\t\t<\/div>\n\t\t<\/section>\n\t\t\t\t<section class=\"elementor-section elementor-top-section elementor-element elementor-element-b0c0623 elementor-section-boxed elementor-section-height-default elementor-section-height-default\" data-id=\"b0c0623\" data-element_type=\"section\">\n\t\t\t\t\t\t<div class=\"elementor-container elementor-column-gap-default\">\n\t\t\t\t\t<div class=\"elementor-column elementor-col-33 elementor-top-column elementor-element elementor-element-0f95678\" data-id=\"0f95678\" data-element_type=\"column\">\n\t\t\t<div class=\"elementor-widget-wrap elementor-element-populated\">\n\t\t\t\t\t\t<div class=\"elementor-element elementor-element-951650f elementor-position-top elementor-widget elementor-widget-image-box\" data-id=\"951650f\" data-element_type=\"widget\" data-widget_type=\"image-box.default\">\n\t\t\t\t<div class=\"elementor-widget-container\">\n\t\t\t<div class=\"elementor-image-box-wrapper\"><figure class=\"elementor-image-box-img\"><img loading=\"lazy\" decoding=\"async\" width=\"512\" height=\"512\" src=\"https:\/\/fiduxis.com\/wp-content\/uploads\/2022\/05\/equality-1.png\" class=\"attachment-full size-full wp-image-7111\" alt=\"\" srcset=\"https:\/\/fiduxis.com\/wp-content\/uploads\/2022\/05\/equality-1.png 512w, https:\/\/fiduxis.com\/wp-content\/uploads\/2022\/05\/equality-1-300x300.png 300w, https:\/\/fiduxis.com\/wp-content\/uploads\/2022\/05\/equality-1-150x150.png 150w\" sizes=\"(max-width: 512px) 100vw, 512px\" \/><\/figure><div class=\"elementor-image-box-content\"><h5 class=\"elementor-image-box-title\">L'\u00c9QUIT\u00c9<\/h5><p class=\"elementor-image-box-description\">Nous traitons nos collaborateurs avec justice et impartialit\u00e9. Nous veillons en particulier \u00e0 l\u2019\u00e9galit\u00e9 entre hommes et femmes. Cela se traduit concr\u00e8tement, en premier lieu, par l\u2019application du principe \u00ab \u00e0 travail \u00e9gal, salaire \u00e9gal\u00a0\u00bb. Ensuite, les promotions se font sur la base exclusive du m\u00e9rite. Notre politique de gestion de la performance est con\u00e7ue de sorte \u00e0 garantir cela.<\/p><\/div><\/div>\t\t<\/div>\n\t\t\t\t<\/div>\n\t\t\t\t\t<\/div>\n\t\t<\/div>\n\t\t\t\t<div class=\"elementor-column elementor-col-33 elementor-top-column elementor-element elementor-element-05b8813\" data-id=\"05b8813\" data-element_type=\"column\">\n\t\t\t<div class=\"elementor-widget-wrap elementor-element-populated\">\n\t\t\t\t\t\t<div class=\"elementor-element elementor-element-c44336a elementor-position-top elementor-widget elementor-widget-image-box\" data-id=\"c44336a\" data-element_type=\"widget\" data-widget_type=\"image-box.default\">\n\t\t\t\t<div class=\"elementor-widget-container\">\n\t\t\t<div class=\"elementor-image-box-wrapper\"><figure class=\"elementor-image-box-img\"><img loading=\"lazy\" decoding=\"async\" width=\"512\" height=\"512\" src=\"https:\/\/fiduxis.com\/wp-content\/uploads\/2022\/05\/accomplishment-1.png\" class=\"attachment-full size-full wp-image-7104\" alt=\"\" srcset=\"https:\/\/fiduxis.com\/wp-content\/uploads\/2022\/05\/accomplishment-1.png 512w, https:\/\/fiduxis.com\/wp-content\/uploads\/2022\/05\/accomplishment-1-300x300.png 300w, https:\/\/fiduxis.com\/wp-content\/uploads\/2022\/05\/accomplishment-1-150x150.png 150w\" sizes=\"(max-width: 512px) 100vw, 512px\" \/><\/figure><div class=\"elementor-image-box-content\"><h5 class=\"elementor-image-box-title\">L'ACCOMPLISSEMENT<\/h5><p class=\"elementor-image-box-description\">Par notre politique de gestion du capital humain, nous permettons \u00e0 nos collaborateurs de s\u2019\u00e9panouir pleinement dans leur travail au quotidien et de se r\u00e9aliser tant du point de vue personnel que professionnel. Dans tous les cas, nous encourageons l\u2019\u00e9quilibre vie priv\u00e9e-vie professionnelle, car nous sommes convaincus qu\u2019il est indispensable \u00e0 la r\u00e9ussite de tous et sur tous les plans.<\/p><\/div><\/div>\t\t<\/div>\n\t\t\t\t<\/div>\n\t\t\t\t\t<\/div>\n\t\t<\/div>\n\t\t\t\t<div class=\"elementor-column elementor-col-33 elementor-top-column elementor-element elementor-element-663db34\" data-id=\"663db34\" data-element_type=\"column\">\n\t\t\t<div class=\"elementor-widget-wrap elementor-element-populated\">\n\t\t\t\t\t\t<div class=\"elementor-element elementor-element-71f6d9a elementor-position-top elementor-widget elementor-widget-image-box\" data-id=\"71f6d9a\" data-element_type=\"widget\" data-widget_type=\"image-box.default\">\n\t\t\t\t<div class=\"elementor-widget-container\">\n\t\t\t<div class=\"elementor-image-box-wrapper\"><figure class=\"elementor-image-box-img\"><img loading=\"lazy\" decoding=\"async\" width=\"512\" height=\"512\" src=\"https:\/\/fiduxis.com\/wp-content\/uploads\/2022\/05\/target-1-1.png\" class=\"attachment-full size-full wp-image-7103\" alt=\"\" srcset=\"https:\/\/fiduxis.com\/wp-content\/uploads\/2022\/05\/target-1-1.png 512w, https:\/\/fiduxis.com\/wp-content\/uploads\/2022\/05\/target-1-1-300x300.png 300w, https:\/\/fiduxis.com\/wp-content\/uploads\/2022\/05\/target-1-1-150x150.png 150w\" sizes=\"(max-width: 512px) 100vw, 512px\" \/><\/figure><div class=\"elementor-image-box-content\"><h5 class=\"elementor-image-box-title\">L'IMPACT<\/h5><p class=\"elementor-image-box-description\">Nous veillons \u00e0 ce que nos activit\u00e9s puissent produire des retomb\u00e9es et une influence positives sur notre environnement. Nous inscrivons nos actions dans notre raison d\u2019\u00eatre, qui est de d\u00e9velopper un savoir-faire local qui impacte positivement la communaut\u00e9.<\/p><\/div><\/div>\t\t<\/div>\n\t\t\t\t<\/div>\n\t\t\t\t\t<\/div>\n\t\t<\/div>\n\t\t\t\t\t<\/div>\n\t\t<\/section>\n\t\t\t\t<section class=\"elementor-section elementor-top-section elementor-element elementor-element-e3a64fc elementor-section-boxed elementor-section-height-default elementor-section-height-default\" data-id=\"e3a64fc\" data-element_type=\"section\">\n\t\t\t\t\t\t<div class=\"elementor-container elementor-column-gap-default\">\n\t\t\t\t\t<div class=\"elementor-column elementor-col-100 elementor-top-column elementor-element elementor-element-f7a68cd\" data-id=\"f7a68cd\" data-element_type=\"column\">\n\t\t\t<div class=\"elementor-widget-wrap\">\n\t\t\t\t\t\t\t<\/div>\n\t\t<\/div>\n\t\t\t\t\t<\/div>\n\t\t<\/section>\n\t\t\t\t<\/div>\n\t\t","protected":false},"excerpt":{"rendered":"<p>D\u00e9velopper un savoir-faire local pour un impact positif sur notre environnement. L&#8217;INT\u00c9GRIT\u00c9 Nous tenons \u00e0 \u00eatre justes, honn\u00eates et fiables dans notre travail en respectant tous nos engagements de sorte \u00e0 pr\u00e9server la confiance de nos clients et de nos partenaires. \u200b L&#8217;EXCELLENCE Nous ex\u00e9cutons nos missions consciencieusement et avec professionnalisme, en mobilisant toutes les [&hellip;]<\/p>\n","protected":false},"author":1,"featured_media":0,"parent":0,"menu_order":0,"comment_status":"closed","ping_status":"closed","template":"","meta":{"footnotes":""},"class_list":["post-6176","page","type-page","status-publish","hentry"],"yoast_head":"<!-- This site is optimized with the Yoast SEO plugin v22.2 - https:\/\/yoast.com\/wordpress\/plugins\/seo\/ -->\n<title>Raison d&#039;\u00eatre, mission et valeurs - Fiduxis<\/title>\n<meta name=\"robots\" content=\"index, follow, max-snippet:-1, max-image-preview:large, max-video-preview:-1\" \/>\n<link rel=\"canonical\" href=\"https:\/\/fiduxis.com\/?page_id=6176\" \/>\n<meta property=\"og:locale\" content=\"fr_FR\" \/>\n<meta property=\"og:type\" content=\"article\" \/>\n<meta property=\"og:title\" content=\"Raison d&#039;\u00eatre, mission et valeurs - Fiduxis\" \/>\n<meta property=\"og:description\" content=\"D\u00e9velopper un savoir-faire local pour un impact positif sur notre environnement. L&#8217;INT\u00c9GRIT\u00c9 Nous tenons \u00e0 \u00eatre justes, honn\u00eates et fiables dans notre travail en respectant tous nos engagements de sorte \u00e0 pr\u00e9server la confiance de nos clients et de nos partenaires. \u200b L&#8217;EXCELLENCE Nous ex\u00e9cutons nos missions consciencieusement et avec professionnalisme, en mobilisant toutes les [&hellip;]\" \/>\n<meta property=\"og:url\" content=\"https:\/\/fiduxis.com\/?page_id=6176\" \/>\n<meta property=\"og:site_name\" content=\"Fiduxis\" \/>\n<meta property=\"article:modified_time\" content=\"2024-02-24T10:09:35+00:00\" \/>\n<meta property=\"og:image\" content=\"https:\/\/fiduxis.com\/wp-content\/uploads\/2022\/05\/cube-1.png\" \/>\n<meta name=\"twitter:card\" content=\"summary_large_image\" \/>\n<meta name=\"twitter:label1\" content=\"Dur\u00e9e de lecture estim\u00e9e\" \/>\n\t<meta name=\"twitter:data1\" content=\"3 minutes\" \/>\n<script type=\"application\/ld+json\" class=\"yoast-schema-graph\">{\"@context\":\"https:\/\/schema.org\",\"@graph\":[{\"@type\":\"WebPage\",\"@id\":\"https:\/\/fiduxis.com\/?page_id=6176\",\"url\":\"https:\/\/fiduxis.com\/?page_id=6176\",\"name\":\"Raison d'\u00eatre, mission et valeurs - Fiduxis\",\"isPartOf\":{\"@id\":\"https:\/\/fiduxis.com\/#website\"},\"primaryImageOfPage\":{\"@id\":\"https:\/\/fiduxis.com\/?page_id=6176#primaryimage\"},\"image\":{\"@id\":\"https:\/\/fiduxis.com\/?page_id=6176#primaryimage\"},\"thumbnailUrl\":\"https:\/\/fiduxis.com\/wp-content\/uploads\/2022\/05\/cube-1.png\",\"datePublished\":\"2022-04-05T12:44:26+00:00\",\"dateModified\":\"2024-02-24T10:09:35+00:00\",\"breadcrumb\":{\"@id\":\"https:\/\/fiduxis.com\/?page_id=6176#breadcrumb\"},\"inLanguage\":\"fr-FR\",\"potentialAction\":[{\"@type\":\"ReadAction\",\"target\":[\"https:\/\/fiduxis.com\/?page_id=6176\"]}]},{\"@type\":\"ImageObject\",\"inLanguage\":\"fr-FR\",\"@id\":\"https:\/\/fiduxis.com\/?page_id=6176#primaryimage\",\"url\":\"https:\/\/fiduxis.com\/wp-content\/uploads\/2022\/05\/cube-1.png\",\"contentUrl\":\"https:\/\/fiduxis.com\/wp-content\/uploads\/2022\/05\/cube-1.png\",\"width\":512,\"height\":512},{\"@type\":\"BreadcrumbList\",\"@id\":\"https:\/\/fiduxis.com\/?page_id=6176#breadcrumb\",\"itemListElement\":[{\"@type\":\"ListItem\",\"position\":1,\"name\":\"Accueil\",\"item\":\"https:\/\/fiduxis.com\/\"},{\"@type\":\"ListItem\",\"position\":2,\"name\":\"Raison d&#8217;\u00eatre, mission et valeurs\"}]},{\"@type\":\"WebSite\",\"@id\":\"https:\/\/fiduxis.com\/#website\",\"url\":\"https:\/\/fiduxis.com\/\",\"name\":\"Fiduxis\",\"description\":\"Un cabinet de services int\u00e9gr\u00e9s\",\"potentialAction\":[{\"@type\":\"SearchAction\",\"target\":{\"@type\":\"EntryPoint\",\"urlTemplate\":\"https:\/\/fiduxis.com\/?s={search_term_string}\"},\"query-input\":\"required name=search_term_string\"}],\"inLanguage\":\"fr-FR\"}]}<\/script>\n<!-- \/ Yoast SEO plugin. -->","yoast_head_json":{"title":"Raison d'\u00eatre, mission et valeurs - Fiduxis","robots":{"index":"index","follow":"follow","max-snippet":"max-snippet:-1","max-image-preview":"max-image-preview:large","max-video-preview":"max-video-preview:-1"},"canonical":"https:\/\/fiduxis.com\/?page_id=6176","og_locale":"fr_FR","og_type":"article","og_title":"Raison d'\u00eatre, mission et valeurs - Fiduxis","og_description":"D\u00e9velopper un savoir-faire local pour un impact positif sur notre environnement. L&#8217;INT\u00c9GRIT\u00c9 Nous tenons \u00e0 \u00eatre justes, honn\u00eates et fiables dans notre travail en respectant tous nos engagements de sorte \u00e0 pr\u00e9server la confiance de nos clients et de nos partenaires. \u200b L&#8217;EXCELLENCE Nous ex\u00e9cutons nos missions consciencieusement et avec professionnalisme, en mobilisant toutes les [&hellip;]","og_url":"https:\/\/fiduxis.com\/?page_id=6176","og_site_name":"Fiduxis","article_modified_time":"2024-02-24T10:09:35+00:00","og_image":[{"url":"https:\/\/fiduxis.com\/wp-content\/uploads\/2022\/05\/cube-1.png"}],"twitter_card":"summary_large_image","twitter_misc":{"Dur\u00e9e de lecture estim\u00e9e":"3 minutes"},"schema":{"@context":"https:\/\/schema.org","@graph":[{"@type":"WebPage","@id":"https:\/\/fiduxis.com\/?page_id=6176","url":"https:\/\/fiduxis.com\/?page_id=6176","name":"Raison d'\u00eatre, mission et valeurs - Fiduxis","isPartOf":{"@id":"https:\/\/fiduxis.com\/#website"},"primaryImageOfPage":{"@id":"https:\/\/fiduxis.com\/?page_id=6176#primaryimage"},"image":{"@id":"https:\/\/fiduxis.com\/?page_id=6176#primaryimage"},"thumbnailUrl":"https:\/\/fiduxis.com\/wp-content\/uploads\/2022\/05\/cube-1.png","datePublished":"2022-04-05T12:44:26+00:00","dateModified":"2024-02-24T10:09:35+00:00","breadcrumb":{"@id":"https:\/\/fiduxis.com\/?page_id=6176#breadcrumb"},"inLanguage":"fr-FR","potentialAction":[{"@type":"ReadAction","target":["https:\/\/fiduxis.com\/?page_id=6176"]}]},{"@type":"ImageObject","inLanguage":"fr-FR","@id":"https:\/\/fiduxis.com\/?page_id=6176#primaryimage","url":"https:\/\/fiduxis.com\/wp-content\/uploads\/2022\/05\/cube-1.png","contentUrl":"https:\/\/fiduxis.com\/wp-content\/uploads\/2022\/05\/cube-1.png","width":512,"height":512},{"@type":"BreadcrumbList","@id":"https:\/\/fiduxis.com\/?page_id=6176#breadcrumb","itemListElement":[{"@type":"ListItem","position":1,"name":"Accueil","item":"https:\/\/fiduxis.com\/"},{"@type":"ListItem","position":2,"name":"Raison d&#8217;\u00eatre, mission et valeurs"}]},{"@type":"WebSite","@id":"https:\/\/fiduxis.com\/#website","url":"https:\/\/fiduxis.com\/","name":"Fiduxis","description":"Un cabinet de services int\u00e9gr\u00e9s","potentialAction":[{"@type":"SearchAction","target":{"@type":"EntryPoint","urlTemplate":"https:\/\/fiduxis.com\/?s={search_term_string}"},"query-input":"required name=search_term_string"}],"inLanguage":"fr-FR"}]}},"lang":"fr","translations":{"fr":6176,"en":7498},"pll_sync_post":[],"_links":{"self":[{"href":"https:\/\/fiduxis.com\/index.php?rest_route=\/wp\/v2\/pages\/6176","targetHints":{"allow":["GET"]}}],"collection":[{"href":"https:\/\/fiduxis.com\/index.php?rest_route=\/wp\/v2\/pages"}],"about":[{"href":"https:\/\/fiduxis.com\/index.php?rest_route=\/wp\/v2\/types\/page"}],"author":[{"embeddable":true,"href":"https:\/\/fiduxis.com\/index.php?rest_route=\/wp\/v2\/users\/1"}],"replies":[{"embeddable":true,"href":"https:\/\/fiduxis.com\/index.php?rest_route=%2Fwp%2Fv2%2Fcomments&post=6176"}],"version-history":[{"count":85,"href":"https:\/\/fiduxis.com\/index.php?rest_route=\/wp\/v2\/pages\/6176\/revisions"}],"predecessor-version":[{"id":8500,"href":"https:\/\/fiduxis.com\/index.php?rest_route=\/wp\/v2\/pages\/6176\/revisions\/8500"}],"wp:attachment":[{"href":"https:\/\/fiduxis.com\/index.php?rest_route=%2Fwp%2Fv2%2Fmedia&parent=6176"}],"curies":[{"name":"wp","href":"https:\/\/api.w.org\/{rel}","templated":true}]}}