{"id":5577,"date":"2022-03-01T01:39:02","date_gmt":"2022-03-01T00:39:02","guid":{"rendered":"https:\/\/fiduxis.com\/?page_id=5577"},"modified":"2024-02-24T11:12:28","modified_gmt":"2024-02-24T10:12:28","slug":"capital-humain","status":"publish","type":"page","link":"https:\/\/fiduxis.com\/?page_id=5577","title":{"rendered":"Capital humain"},"content":{"rendered":"\t\t<div data-elementor-type=\"wp-page\" data-elementor-id=\"5577\" class=\"elementor elementor-5577\">\n\t\t\t\t\t\t<section class=\"elementor-section elementor-top-section elementor-element elementor-element-025f389 elementor-section-boxed elementor-section-height-default elementor-section-height-default\" data-id=\"025f389\" data-element_type=\"section\">\n\t\t\t\t\t\t<div class=\"elementor-container elementor-column-gap-default\">\n\t\t\t\t\t<div class=\"elementor-column elementor-col-100 elementor-top-column elementor-element elementor-element-ab877c4\" data-id=\"ab877c4\" data-element_type=\"column\">\n\t\t\t<div class=\"elementor-widget-wrap elementor-element-populated\">\n\t\t\t\t\t\t<div class=\"elementor-element elementor-element-62e0919 elementor-widget elementor-widget-spacer\" data-id=\"62e0919\" data-element_type=\"widget\" data-widget_type=\"spacer.default\">\n\t\t\t\t<div class=\"elementor-widget-container\">\n\t\t\t<style>\/*! elementor - v3.20.0 - 13-03-2024 *\/\n.elementor-column .elementor-spacer-inner{height:var(--spacer-size)}.e-con{--container-widget-width:100%}.e-con-inner>.elementor-widget-spacer,.e-con>.elementor-widget-spacer{width:var(--container-widget-width,var(--spacer-size));--align-self:var(--container-widget-align-self,initial);--flex-shrink:0}.e-con-inner>.elementor-widget-spacer>.elementor-widget-container,.e-con>.elementor-widget-spacer>.elementor-widget-container{height:100%;width:100%}.e-con-inner>.elementor-widget-spacer>.elementor-widget-container>.elementor-spacer,.e-con>.elementor-widget-spacer>.elementor-widget-container>.elementor-spacer{height:100%}.e-con-inner>.elementor-widget-spacer>.elementor-widget-container>.elementor-spacer>.elementor-spacer-inner,.e-con>.elementor-widget-spacer>.elementor-widget-container>.elementor-spacer>.elementor-spacer-inner{height:var(--container-widget-height,var(--spacer-size))}.e-con-inner>.elementor-widget-spacer.elementor-widget-empty,.e-con>.elementor-widget-spacer.elementor-widget-empty{position:relative;min-height:22px;min-width:22px}.e-con-inner>.elementor-widget-spacer.elementor-widget-empty .elementor-widget-empty-icon,.e-con>.elementor-widget-spacer.elementor-widget-empty .elementor-widget-empty-icon{position:absolute;top:0;bottom:0;left:0;right:0;margin:auto;padding:0;width:22px;height:22px}<\/style>\t\t<div class=\"elementor-spacer\">\n\t\t\t<div class=\"elementor-spacer-inner\"><\/div>\n\t\t<\/div>\n\t\t\t\t<\/div>\n\t\t\t\t<\/div>\n\t\t\t\t\t<\/div>\n\t\t<\/div>\n\t\t\t\t\t<\/div>\n\t\t<\/section>\n\t\t\t\t<section class=\"elementor-section elementor-top-section elementor-element elementor-element-4d208bb elementor-reverse-tablet elementor-reverse-mobile elementor-section-boxed elementor-section-height-default elementor-section-height-default\" data-id=\"4d208bb\" data-element_type=\"section\">\n\t\t\t\t\t\t<div class=\"elementor-container elementor-column-gap-default\">\n\t\t\t\t\t<div class=\"elementor-column elementor-col-100 elementor-top-column elementor-element elementor-element-6146f5f\" data-id=\"6146f5f\" data-element_type=\"column\">\n\t\t\t<div class=\"elementor-widget-wrap elementor-element-populated\">\n\t\t\t\t\t\t<div class=\"elementor-element elementor-element-cbc312a elementor-widget elementor-widget-spacer\" data-id=\"cbc312a\" data-element_type=\"widget\" data-widget_type=\"spacer.default\">\n\t\t\t\t<div class=\"elementor-widget-container\">\n\t\t\t\t\t<div class=\"elementor-spacer\">\n\t\t\t<div class=\"elementor-spacer-inner\"><\/div>\n\t\t<\/div>\n\t\t\t\t<\/div>\n\t\t\t\t<\/div>\n\t\t\t\t\t<\/div>\n\t\t<\/div>\n\t\t\t\t\t<\/div>\n\t\t<\/section>\n\t\t\t\t<section class=\"elementor-section elementor-top-section elementor-element elementor-element-8ecdedc elementor-section-boxed elementor-section-height-default elementor-section-height-default\" data-id=\"8ecdedc\" data-element_type=\"section\">\n\t\t\t\t\t\t<div class=\"elementor-container elementor-column-gap-default\">\n\t\t\t\t\t<div class=\"elementor-column elementor-col-50 elementor-top-column elementor-element elementor-element-33a5219\" data-id=\"33a5219\" data-element_type=\"column\">\n\t\t\t<div class=\"elementor-widget-wrap elementor-element-populated\">\n\t\t\t\t\t\t<div class=\"elementor-element elementor-element-4c9fe48 elementor-widget__width-initial aleft elementor-widget elementor-widget-wgl-double-headings\" data-id=\"4c9fe48\" data-element_type=\"widget\" data-widget_type=\"wgl-double-headings.default\">\n\t\t\t\t<div class=\"elementor-widget-container\">\n\t\t\t<div class=\"wgl-double_heading\"><h3 class=\"dbl__title-wrapper\"><span class=\"dbl__title dbl__title_1\">Se doter de ressources humaines aptes \u00e0 \u00e9voluer avec l'entreprise<\/span><\/h3><\/div>\t\t<\/div>\n\t\t\t\t<\/div>\n\t\t\t\t<div class=\"elementor-element elementor-element-b980693 elementor-widget elementor-widget-text-editor\" data-id=\"b980693\" data-element_type=\"widget\" data-widget_type=\"text-editor.default\">\n\t\t\t\t<div class=\"elementor-widget-container\">\n\t\t\t<style>\/*! elementor - v3.20.0 - 13-03-2024 *\/\n.elementor-widget-text-editor.elementor-drop-cap-view-stacked .elementor-drop-cap{background-color:#69727d;color:#fff}.elementor-widget-text-editor.elementor-drop-cap-view-framed .elementor-drop-cap{color:#69727d;border:3px solid;background-color:transparent}.elementor-widget-text-editor:not(.elementor-drop-cap-view-default) .elementor-drop-cap{margin-top:8px}.elementor-widget-text-editor:not(.elementor-drop-cap-view-default) .elementor-drop-cap-letter{width:1em;height:1em}.elementor-widget-text-editor .elementor-drop-cap{float:left;text-align:center;line-height:1;font-size:50px}.elementor-widget-text-editor .elementor-drop-cap-letter{display:inline-block}<\/style>\t\t\t\t<p><span style=\"font-size: 20px; color: var( --e-global-color-text );\">Les ressources humaines sont un moyen de se diff\u00e9rencier de la concurrence et d\u2019accro\u00eetre la performance de l\u2019organisation.<\/span><\/p><p>Une gestion strat\u00e9gique du capital humain consiste \u00e0 aligner les probl\u00e9matiques RH avec la strat\u00e9gie globale de l\u2019organisation.<\/p><p>L\u2019accompagnement en gestion du capital humain que nous offrons vise \u00e0 assurer \u00e0 tout moment, la disponibilit\u00e9 des ressources humaines n\u00e9cessaires \u00e0 la r\u00e9alisation des objectifs strat\u00e9giques de nos clients.<\/p>\t\t\t\t\t\t<\/div>\n\t\t\t\t<\/div>\n\t\t\t\t\t<\/div>\n\t\t<\/div>\n\t\t\t\t<div class=\"elementor-column elementor-col-50 elementor-top-column elementor-element elementor-element-84dc06b\" data-id=\"84dc06b\" data-element_type=\"column\">\n\t\t\t<div class=\"elementor-widget-wrap elementor-element-populated\">\n\t\t\t\t\t\t<div class=\"elementor-element elementor-element-2122b49 elementor-widget elementor-widget-wgl-team\" data-id=\"2122b49\" data-element_type=\"widget\" data-widget_type=\"wgl-team.default\">\n\t\t\t\t<div class=\"elementor-widget-container\">\n\t\t\t        <div class=\"wgl_module_team team-col_1 acenter\">\r\n            <div class=\"team-items_wrap\">\r\n                <div class=\"team-item\"><div class=\"team-item_wrap\"><div class=\"team__media-wrapper\"><div class=\"team__icons\"><a href=\"https:\/\/www.linkedin.com\/in\/kadidjatou-bah-8133b21a\/\" class=\"team-icon fab fa-linkedin-in\"><\/a><\/div><div class=\"team__image-wrapper\"><a href=\"https:\/\/fiduxis.com\/?team=kadidjatou-bah&#038;lang=en\" class=\"team__image\"><img decoding=\"async\" src=\"https:\/\/fiduxis.com\/wp-content\/uploads\/2020\/11\/IMG_0144-scaled-540x700.jpg\" alt=\"\" \/><\/a><\/div><\/div><div class=\"team-item_info\"><h2 class=\"team-title\"><a href=\"https:\/\/fiduxis.com\/?team=kadidjatou-bah&#038;lang=en\">Kadidjatou Bah<\/a><\/h2><div class=\"team-department\">Director of Human Capital Consulting<\/div><\/div><\/div><\/div><div class=\"team-item\"><div class=\"team-item_wrap\"><div class=\"team__media-wrapper\"><div class=\"team__icons\"><a href=\"https:\/\/www.linkedin.com\/in\/kadidjatou-bah-8133b21a\/\" class=\"team-icon fab fa-linkedin-in\"><\/a><\/div><div class=\"team__image-wrapper\"><a href=\"https:\/\/fiduxis.com\/?team=kadidjatou-bah\" class=\"team__image\"><img decoding=\"async\" src=\"https:\/\/fiduxis.com\/wp-content\/uploads\/2020\/11\/IMG_0144-scaled-540x700.jpg\" alt=\"\" \/><\/a><\/div><\/div><div class=\"team-item_info\"><h2 class=\"team-title\"><a href=\"https:\/\/fiduxis.com\/?team=kadidjatou-bah\">Kadidjatou Bah<\/a><\/h2><div class=\"team-department\">Directrice Capital humain<\/div><\/div><\/div><\/div>            <\/div>\r\n        <\/div>\r\n        \t\t<\/div>\n\t\t\t\t<\/div>\n\t\t\t\t\t<\/div>\n\t\t<\/div>\n\t\t\t\t\t<\/div>\n\t\t<\/section>\n\t\t\t\t<section class=\"elementor-section elementor-top-section elementor-element elementor-element-e3adf2e elementor-section-boxed elementor-section-height-default elementor-section-height-default\" data-id=\"e3adf2e\" data-element_type=\"section\">\n\t\t\t\t\t\t<div class=\"elementor-container elementor-column-gap-default\">\n\t\t\t\t\t<div class=\"elementor-column elementor-col-100 elementor-top-column elementor-element elementor-element-dacd04d\" data-id=\"dacd04d\" data-element_type=\"column\">\n\t\t\t<div class=\"elementor-widget-wrap elementor-element-populated\">\n\t\t\t\t\t\t<div class=\"elementor-element elementor-element-d3ccd3d elementor-widget elementor-widget-spacer\" data-id=\"d3ccd3d\" data-element_type=\"widget\" data-widget_type=\"spacer.default\">\n\t\t\t\t<div class=\"elementor-widget-container\">\n\t\t\t\t\t<div class=\"elementor-spacer\">\n\t\t\t<div class=\"elementor-spacer-inner\"><\/div>\n\t\t<\/div>\n\t\t\t\t<\/div>\n\t\t\t\t<\/div>\n\t\t\t\t<div class=\"elementor-element elementor-element-04a2614 aleft elementor-widget-icon-box wgl-icon-box elementor-view-default elementor-widget elementor-widget-wgl-info-box\" data-id=\"04a2614\" data-element_type=\"widget\" data-widget_type=\"wgl-info-box.default\">\n\t\t\t\t<div class=\"elementor-widget-container\">\n\t\t\t<div class=\"wgl-infobox\"><div class=\"wgl-infobox_wrapper wgl-layout-left  \"><div class=\"media-wrapper icon-wrapper\"><span class=\"wgl-icon\" ><i class=\"icon elementor-icon fas fa-check-circle\" aria-hidden=\"true\"><\/i><\/span><\/div><div class=\"content_wrapper\"><div class=\"wgl-infobox-title_wrapper\"><h3 class=\"wgl-infobox_title\"><span class=\"wgl-infobox_title-idle\">Recrutement et gestion des talents<\/span><\/h3><\/div><\/div><\/div><\/div>\t\t<\/div>\n\t\t\t\t<\/div>\n\t\t\t\t<div class=\"elementor-element elementor-element-9e30d28 aleft elementor-widget-icon-box wgl-icon-box elementor-view-default elementor-widget elementor-widget-wgl-info-box\" data-id=\"9e30d28\" data-element_type=\"widget\" data-widget_type=\"wgl-info-box.default\">\n\t\t\t\t<div class=\"elementor-widget-container\">\n\t\t\t<div class=\"wgl-infobox\"><div class=\"wgl-infobox_wrapper wgl-layout-left  \"><div class=\"media-wrapper icon-wrapper\"><span class=\"wgl-icon\" ><i class=\"icon elementor-icon fas fa-check-circle\" aria-hidden=\"true\"><\/i><\/span><\/div><div class=\"content_wrapper\"><div class=\"wgl-infobox-title_wrapper\"><h3 class=\"wgl-infobox_title\"><span class=\"wgl-infobox_title-idle\">Formation et d\u00e9veloppement des comp\u00e9tences<\/span><\/h3><\/div><\/div><\/div><\/div>\t\t<\/div>\n\t\t\t\t<\/div>\n\t\t\t\t<div class=\"elementor-element elementor-element-96654e1 aleft elementor-widget-icon-box wgl-icon-box elementor-view-default elementor-widget elementor-widget-wgl-info-box\" data-id=\"96654e1\" data-element_type=\"widget\" data-widget_type=\"wgl-info-box.default\">\n\t\t\t\t<div class=\"elementor-widget-container\">\n\t\t\t<div class=\"wgl-infobox\"><div class=\"wgl-infobox_wrapper wgl-layout-left  \"><div class=\"media-wrapper icon-wrapper\"><span class=\"wgl-icon\" ><i class=\"icon elementor-icon fas fa-check-circle\" aria-hidden=\"true\"><\/i><\/span><\/div><div class=\"content_wrapper\"><div class=\"wgl-infobox-title_wrapper\"><h3 class=\"wgl-infobox_title\"><span class=\"wgl-infobox_title-idle\">R\u00e9mun\u00e9ration et avantages sociaux<\/span><\/h3><\/div><\/div><\/div><\/div>\t\t<\/div>\n\t\t\t\t<\/div>\n\t\t\t\t<div class=\"elementor-element elementor-element-29633c4 aleft elementor-widget-icon-box wgl-icon-box elementor-view-default elementor-widget elementor-widget-wgl-info-box\" data-id=\"29633c4\" data-element_type=\"widget\" data-widget_type=\"wgl-info-box.default\">\n\t\t\t\t<div class=\"elementor-widget-container\">\n\t\t\t<div class=\"wgl-infobox\"><div class=\"wgl-infobox_wrapper wgl-layout-left  \"><div class=\"media-wrapper icon-wrapper\"><span class=\"wgl-icon\" ><i class=\"icon elementor-icon fas fa-check-circle\" aria-hidden=\"true\"><\/i><\/span><\/div><div class=\"content_wrapper\"><div class=\"wgl-infobox-title_wrapper\"><h3 class=\"wgl-infobox_title\"><span class=\"wgl-infobox_title-idle\">Gestion de la performance<\/span><\/h3><\/div><\/div><\/div><\/div>\t\t<\/div>\n\t\t\t\t<\/div>\n\t\t\t\t<div class=\"elementor-element elementor-element-fa01ea8 aleft elementor-widget-icon-box wgl-icon-box elementor-view-default elementor-widget elementor-widget-wgl-info-box\" data-id=\"fa01ea8\" data-element_type=\"widget\" data-widget_type=\"wgl-info-box.default\">\n\t\t\t\t<div class=\"elementor-widget-container\">\n\t\t\t<div class=\"wgl-infobox\"><div class=\"wgl-infobox_wrapper wgl-layout-left  \"><div class=\"media-wrapper icon-wrapper\"><span class=\"wgl-icon\" ><i class=\"icon elementor-icon fas fa-check-circle\" aria-hidden=\"true\"><\/i><\/span><\/div><div class=\"content_wrapper\"><div class=\"wgl-infobox-title_wrapper\"><h3 class=\"wgl-infobox_title\"><span class=\"wgl-infobox_title-idle\">Audit RH et organisationnel<\/span><\/h3><\/div><\/div><\/div><\/div>\t\t<\/div>\n\t\t\t\t<\/div>\n\t\t\t\t\t<\/div>\n\t\t<\/div>\n\t\t\t\t\t<\/div>\n\t\t<\/section>\n\t\t\t\t<section class=\"elementor-section elementor-top-section elementor-element elementor-element-59ee291 elementor-section-boxed elementor-section-height-default elementor-section-height-default\" data-id=\"59ee291\" data-element_type=\"section\">\n\t\t\t\t\t\t<div class=\"elementor-container elementor-column-gap-default\">\n\t\t\t\t\t<div class=\"elementor-column elementor-col-100 elementor-top-column elementor-element elementor-element-8aa382e\" data-id=\"8aa382e\" data-element_type=\"column\">\n\t\t\t<div class=\"elementor-widget-wrap elementor-element-populated\">\n\t\t\t\t\t\t<div class=\"elementor-element elementor-element-c300a62 elementor-widget elementor-widget-spacer\" data-id=\"c300a62\" data-element_type=\"widget\" data-widget_type=\"spacer.default\">\n\t\t\t\t<div class=\"elementor-widget-container\">\n\t\t\t\t\t<div class=\"elementor-spacer\">\n\t\t\t<div class=\"elementor-spacer-inner\"><\/div>\n\t\t<\/div>\n\t\t\t\t<\/div>\n\t\t\t\t<\/div>\n\t\t\t\t\t<\/div>\n\t\t<\/div>\n\t\t\t\t\t<\/div>\n\t\t<\/section>\n\t\t\t\t<\/div>\n\t\t","protected":false},"excerpt":{"rendered":"<p>Se doter de ressources humaines aptes \u00e0 \u00e9voluer avec l&#8217;entreprise Les ressources humaines sont un moyen de se diff\u00e9rencier de la concurrence et d\u2019accro\u00eetre la performance de l\u2019organisation. Une gestion strat\u00e9gique du capital humain consiste \u00e0 aligner les probl\u00e9matiques RH avec la strat\u00e9gie globale de l\u2019organisation. L\u2019accompagnement en gestion du capital humain que nous offrons [&hellip;]<\/p>\n","protected":false},"author":1,"featured_media":0,"parent":0,"menu_order":0,"comment_status":"closed","ping_status":"closed","template":"","meta":{"footnotes":""},"class_list":["post-5577","page","type-page","status-publish","hentry"],"yoast_head":"<!-- This site is optimized with the Yoast SEO plugin v22.2 - https:\/\/yoast.com\/wordpress\/plugins\/seo\/ -->\n<title>Capital humain - Fiduxis<\/title>\n<meta name=\"robots\" content=\"index, follow, max-snippet:-1, max-image-preview:large, max-video-preview:-1\" \/>\n<link rel=\"canonical\" href=\"https:\/\/fiduxis.com\/?page_id=5577\" \/>\n<meta property=\"og:locale\" content=\"fr_FR\" \/>\n<meta property=\"og:type\" content=\"article\" \/>\n<meta property=\"og:title\" content=\"Capital humain - Fiduxis\" \/>\n<meta property=\"og:description\" content=\"Se doter de ressources humaines aptes \u00e0 \u00e9voluer avec l&#8217;entreprise Les ressources humaines sont un moyen de se diff\u00e9rencier de la concurrence et d\u2019accro\u00eetre la performance de l\u2019organisation. Une gestion strat\u00e9gique du capital humain consiste \u00e0 aligner les probl\u00e9matiques RH avec la strat\u00e9gie globale de l\u2019organisation. L\u2019accompagnement en gestion du capital humain que nous offrons [&hellip;]\" \/>\n<meta property=\"og:url\" content=\"https:\/\/fiduxis.com\/?page_id=5577\" \/>\n<meta property=\"og:site_name\" content=\"Fiduxis\" \/>\n<meta property=\"article:modified_time\" content=\"2024-02-24T10:12:28+00:00\" \/>\n<meta property=\"og:image\" content=\"https:\/\/fiduxis.com\/wp-content\/uploads\/2020\/11\/IMG_0144-scaled-540x700.jpg\" \/>\n<meta name=\"twitter:card\" content=\"summary_large_image\" \/>\n<meta name=\"twitter:label1\" content=\"Dur\u00e9e de lecture estim\u00e9e\" \/>\n\t<meta name=\"twitter:data1\" content=\"1 minute\" \/>\n<script type=\"application\/ld+json\" class=\"yoast-schema-graph\">{\"@context\":\"https:\/\/schema.org\",\"@graph\":[{\"@type\":\"WebPage\",\"@id\":\"https:\/\/fiduxis.com\/?page_id=5577\",\"url\":\"https:\/\/fiduxis.com\/?page_id=5577\",\"name\":\"Capital humain - Fiduxis\",\"isPartOf\":{\"@id\":\"https:\/\/fiduxis.com\/#website\"},\"primaryImageOfPage\":{\"@id\":\"https:\/\/fiduxis.com\/?page_id=5577#primaryimage\"},\"image\":{\"@id\":\"https:\/\/fiduxis.com\/?page_id=5577#primaryimage\"},\"thumbnailUrl\":\"https:\/\/fiduxis.com\/wp-content\/uploads\/2020\/11\/IMG_0144-scaled-540x700.jpg\",\"datePublished\":\"2022-03-01T00:39:02+00:00\",\"dateModified\":\"2024-02-24T10:12:28+00:00\",\"breadcrumb\":{\"@id\":\"https:\/\/fiduxis.com\/?page_id=5577#breadcrumb\"},\"inLanguage\":\"fr-FR\",\"potentialAction\":[{\"@type\":\"ReadAction\",\"target\":[\"https:\/\/fiduxis.com\/?page_id=5577\"]}]},{\"@type\":\"ImageObject\",\"inLanguage\":\"fr-FR\",\"@id\":\"https:\/\/fiduxis.com\/?page_id=5577#primaryimage\",\"url\":\"https:\/\/fiduxis.com\/wp-content\/uploads\/2020\/11\/IMG_0144-scaled.jpg\",\"contentUrl\":\"https:\/\/fiduxis.com\/wp-content\/uploads\/2020\/11\/IMG_0144-scaled.jpg\",\"width\":1707,\"height\":2560},{\"@type\":\"BreadcrumbList\",\"@id\":\"https:\/\/fiduxis.com\/?page_id=5577#breadcrumb\",\"itemListElement\":[{\"@type\":\"ListItem\",\"position\":1,\"name\":\"Accueil\",\"item\":\"https:\/\/fiduxis.com\/\"},{\"@type\":\"ListItem\",\"position\":2,\"name\":\"Capital humain\"}]},{\"@type\":\"WebSite\",\"@id\":\"https:\/\/fiduxis.com\/#website\",\"url\":\"https:\/\/fiduxis.com\/\",\"name\":\"Fiduxis\",\"description\":\"Un cabinet de services int\u00e9gr\u00e9s\",\"potentialAction\":[{\"@type\":\"SearchAction\",\"target\":{\"@type\":\"EntryPoint\",\"urlTemplate\":\"https:\/\/fiduxis.com\/?s={search_term_string}\"},\"query-input\":\"required name=search_term_string\"}],\"inLanguage\":\"fr-FR\"}]}<\/script>\n<!-- \/ Yoast SEO plugin. -->","yoast_head_json":{"title":"Capital humain - Fiduxis","robots":{"index":"index","follow":"follow","max-snippet":"max-snippet:-1","max-image-preview":"max-image-preview:large","max-video-preview":"max-video-preview:-1"},"canonical":"https:\/\/fiduxis.com\/?page_id=5577","og_locale":"fr_FR","og_type":"article","og_title":"Capital humain - Fiduxis","og_description":"Se doter de ressources humaines aptes \u00e0 \u00e9voluer avec l&#8217;entreprise Les ressources humaines sont un moyen de se diff\u00e9rencier de la concurrence et d\u2019accro\u00eetre la performance de l\u2019organisation. Une gestion strat\u00e9gique du capital humain consiste \u00e0 aligner les probl\u00e9matiques RH avec la strat\u00e9gie globale de l\u2019organisation. L\u2019accompagnement en gestion du capital humain que nous offrons [&hellip;]","og_url":"https:\/\/fiduxis.com\/?page_id=5577","og_site_name":"Fiduxis","article_modified_time":"2024-02-24T10:12:28+00:00","og_image":[{"url":"https:\/\/fiduxis.com\/wp-content\/uploads\/2020\/11\/IMG_0144-scaled-540x700.jpg"}],"twitter_card":"summary_large_image","twitter_misc":{"Dur\u00e9e de lecture estim\u00e9e":"1 minute"},"schema":{"@context":"https:\/\/schema.org","@graph":[{"@type":"WebPage","@id":"https:\/\/fiduxis.com\/?page_id=5577","url":"https:\/\/fiduxis.com\/?page_id=5577","name":"Capital humain - Fiduxis","isPartOf":{"@id":"https:\/\/fiduxis.com\/#website"},"primaryImageOfPage":{"@id":"https:\/\/fiduxis.com\/?page_id=5577#primaryimage"},"image":{"@id":"https:\/\/fiduxis.com\/?page_id=5577#primaryimage"},"thumbnailUrl":"https:\/\/fiduxis.com\/wp-content\/uploads\/2020\/11\/IMG_0144-scaled-540x700.jpg","datePublished":"2022-03-01T00:39:02+00:00","dateModified":"2024-02-24T10:12:28+00:00","breadcrumb":{"@id":"https:\/\/fiduxis.com\/?page_id=5577#breadcrumb"},"inLanguage":"fr-FR","potentialAction":[{"@type":"ReadAction","target":["https:\/\/fiduxis.com\/?page_id=5577"]}]},{"@type":"ImageObject","inLanguage":"fr-FR","@id":"https:\/\/fiduxis.com\/?page_id=5577#primaryimage","url":"https:\/\/fiduxis.com\/wp-content\/uploads\/2020\/11\/IMG_0144-scaled.jpg","contentUrl":"https:\/\/fiduxis.com\/wp-content\/uploads\/2020\/11\/IMG_0144-scaled.jpg","width":1707,"height":2560},{"@type":"BreadcrumbList","@id":"https:\/\/fiduxis.com\/?page_id=5577#breadcrumb","itemListElement":[{"@type":"ListItem","position":1,"name":"Accueil","item":"https:\/\/fiduxis.com\/"},{"@type":"ListItem","position":2,"name":"Capital humain"}]},{"@type":"WebSite","@id":"https:\/\/fiduxis.com\/#website","url":"https:\/\/fiduxis.com\/","name":"Fiduxis","description":"Un cabinet de services int\u00e9gr\u00e9s","potentialAction":[{"@type":"SearchAction","target":{"@type":"EntryPoint","urlTemplate":"https:\/\/fiduxis.com\/?s={search_term_string}"},"query-input":"required name=search_term_string"}],"inLanguage":"fr-FR"}]}},"lang":"fr","translations":{"fr":5577,"en":7589},"pll_sync_post":[],"_links":{"self":[{"href":"https:\/\/fiduxis.com\/index.php?rest_route=\/wp\/v2\/pages\/5577","targetHints":{"allow":["GET"]}}],"collection":[{"href":"https:\/\/fiduxis.com\/index.php?rest_route=\/wp\/v2\/pages"}],"about":[{"href":"https:\/\/fiduxis.com\/index.php?rest_route=\/wp\/v2\/types\/page"}],"author":[{"embeddable":true,"href":"https:\/\/fiduxis.com\/index.php?rest_route=\/wp\/v2\/users\/1"}],"replies":[{"embeddable":true,"href":"https:\/\/fiduxis.com\/index.php?rest_route=%2Fwp%2Fv2%2Fcomments&post=5577"}],"version-history":[{"count":89,"href":"https:\/\/fiduxis.com\/index.php?rest_route=\/wp\/v2\/pages\/5577\/revisions"}],"predecessor-version":[{"id":8515,"href":"https:\/\/fiduxis.com\/index.php?rest_route=\/wp\/v2\/pages\/5577\/revisions\/8515"}],"wp:attachment":[{"href":"https:\/\/fiduxis.com\/index.php?rest_route=%2Fwp%2Fv2%2Fmedia&parent=5577"}],"curies":[{"name":"wp","href":"https:\/\/api.w.org\/{rel}","templated":true}]}}