{"id":5498,"date":"2022-02-28T22:10:11","date_gmt":"2022-02-28T21:10:11","guid":{"rendered":"https:\/\/fiduxis.com\/?page_id=5498"},"modified":"2024-02-24T11:12:19","modified_gmt":"2024-02-24T10:12:19","slug":"consulting-2","status":"publish","type":"page","link":"https:\/\/fiduxis.com\/?page_id=5498","title":{"rendered":"Consulting"},"content":{"rendered":"\t\t<div data-elementor-type=\"wp-page\" data-elementor-id=\"5498\" class=\"elementor elementor-5498\">\n\t\t\t\t\t\t<section class=\"elementor-section elementor-top-section elementor-element elementor-element-28db1dc elementor-section-boxed elementor-section-height-default elementor-section-height-default\" data-id=\"28db1dc\" data-element_type=\"section\">\n\t\t\t\t\t\t<div class=\"elementor-container elementor-column-gap-default\">\n\t\t\t\t\t<div class=\"elementor-column elementor-col-100 elementor-top-column elementor-element elementor-element-8e184e0\" data-id=\"8e184e0\" data-element_type=\"column\">\n\t\t\t<div class=\"elementor-widget-wrap elementor-element-populated\">\n\t\t\t\t\t\t<div class=\"elementor-element elementor-element-54d617e elementor-widget elementor-widget-spacer\" data-id=\"54d617e\" data-element_type=\"widget\" data-widget_type=\"spacer.default\">\n\t\t\t\t<div class=\"elementor-widget-container\">\n\t\t\t<style>\/*! elementor - v3.20.0 - 13-03-2024 *\/\n.elementor-column .elementor-spacer-inner{height:var(--spacer-size)}.e-con{--container-widget-width:100%}.e-con-inner>.elementor-widget-spacer,.e-con>.elementor-widget-spacer{width:var(--container-widget-width,var(--spacer-size));--align-self:var(--container-widget-align-self,initial);--flex-shrink:0}.e-con-inner>.elementor-widget-spacer>.elementor-widget-container,.e-con>.elementor-widget-spacer>.elementor-widget-container{height:100%;width:100%}.e-con-inner>.elementor-widget-spacer>.elementor-widget-container>.elementor-spacer,.e-con>.elementor-widget-spacer>.elementor-widget-container>.elementor-spacer{height:100%}.e-con-inner>.elementor-widget-spacer>.elementor-widget-container>.elementor-spacer>.elementor-spacer-inner,.e-con>.elementor-widget-spacer>.elementor-widget-container>.elementor-spacer>.elementor-spacer-inner{height:var(--container-widget-height,var(--spacer-size))}.e-con-inner>.elementor-widget-spacer.elementor-widget-empty,.e-con>.elementor-widget-spacer.elementor-widget-empty{position:relative;min-height:22px;min-width:22px}.e-con-inner>.elementor-widget-spacer.elementor-widget-empty .elementor-widget-empty-icon,.e-con>.elementor-widget-spacer.elementor-widget-empty .elementor-widget-empty-icon{position:absolute;top:0;bottom:0;left:0;right:0;margin:auto;padding:0;width:22px;height:22px}<\/style>\t\t<div class=\"elementor-spacer\">\n\t\t\t<div class=\"elementor-spacer-inner\"><\/div>\n\t\t<\/div>\n\t\t\t\t<\/div>\n\t\t\t\t<\/div>\n\t\t\t\t\t<\/div>\n\t\t<\/div>\n\t\t\t\t\t<\/div>\n\t\t<\/section>\n\t\t\t\t<section class=\"elementor-section elementor-top-section elementor-element elementor-element-489f16c elementor-section-boxed elementor-section-height-default elementor-section-height-default\" data-id=\"489f16c\" data-element_type=\"section\">\n\t\t\t\t\t\t<div class=\"elementor-container elementor-column-gap-default\">\n\t\t\t\t\t<div class=\"elementor-column elementor-col-50 elementor-top-column elementor-element elementor-element-50768ee\" data-id=\"50768ee\" data-element_type=\"column\">\n\t\t\t<div class=\"elementor-widget-wrap elementor-element-populated\">\n\t\t\t\t\t\t<div class=\"elementor-element elementor-element-4c9fe48 elementor-widget__width-initial aleft elementor-widget elementor-widget-wgl-double-headings\" data-id=\"4c9fe48\" data-element_type=\"widget\" data-widget_type=\"wgl-double-headings.default\">\n\t\t\t\t<div class=\"elementor-widget-container\">\n\t\t\t<div class=\"wgl-double_heading\"><h3 class=\"dbl__title-wrapper\"><span class=\"dbl__title dbl__title_1\">Renforcez votre performance et r\u00e9ussissez votre transformation<\/span><\/h3><\/div>\t\t<\/div>\n\t\t\t\t<\/div>\n\t\t\t\t<div class=\"elementor-element elementor-element-6571e8f elementor-widget elementor-widget-text-editor\" data-id=\"6571e8f\" data-element_type=\"widget\" data-widget_type=\"text-editor.default\">\n\t\t\t\t<div class=\"elementor-widget-container\">\n\t\t\t<style>\/*! elementor - v3.20.0 - 13-03-2024 *\/\n.elementor-widget-text-editor.elementor-drop-cap-view-stacked .elementor-drop-cap{background-color:#69727d;color:#fff}.elementor-widget-text-editor.elementor-drop-cap-view-framed .elementor-drop-cap{color:#69727d;border:3px solid;background-color:transparent}.elementor-widget-text-editor:not(.elementor-drop-cap-view-default) .elementor-drop-cap{margin-top:8px}.elementor-widget-text-editor:not(.elementor-drop-cap-view-default) .elementor-drop-cap-letter{width:1em;height:1em}.elementor-widget-text-editor .elementor-drop-cap{float:left;text-align:center;line-height:1;font-size:50px}.elementor-widget-text-editor .elementor-drop-cap-letter{display:inline-block}<\/style>\t\t\t\t<p>Nous accompagnons les organisations en leur offrant des services de conseil flexibles et adapt\u00e9s \u00e0 leur contexte et leur situation sp\u00e9cifiques.<\/p><p>Nous apportons \u00e0 nos clients notre connaissance des\u00a0meilleures pratiques\u00a0pour les aider \u00e0 acqu\u00e9rir toutes les ressources et les comp\u00e9tences n\u00e9cessaires \u00e0 leur croissance et \u00e0 leur p\u00e9rennit\u00e9.<\/p><p>Nos expertises vont de l\u2019identification des probl\u00e9matiques \u00e0 l\u2019impl\u00e9mentation de solutions appropri\u00e9es :<\/p><ul style=\"padding-left: 40px;\"><li>diagnostiquer l\u2019organisation, \u00e9laborer le plan d\u2019actions et impl\u00e9menter des solutions qui favorisent l\u2019am\u00e9lioration durable de la performance globale<\/li><li>apporter des conseils financiers pour s\u00e9curiser et optimiser les transactions<\/li><li>d\u00e9ployer des solutions sp\u00e9cifiquement con\u00e7ues pour les PME et les entreprises familiales, pour contribuer \u00e0 b\u00e2tir des entreprises locales solides et comp\u00e9titives<\/li><li>accompagner les acteurs du secteur public (\u00e9tablissements publics, administrations\u2026) et les bailleurs de fonds dans leur recherche de transparence et de performance.<\/li><\/ul>\t\t\t\t\t\t<\/div>\n\t\t\t\t<\/div>\n\t\t\t\t\t<\/div>\n\t\t<\/div>\n\t\t\t\t<div class=\"elementor-column elementor-col-50 elementor-top-column elementor-element elementor-element-f355539\" data-id=\"f355539\" data-element_type=\"column\">\n\t\t\t<div class=\"elementor-widget-wrap elementor-element-populated\">\n\t\t\t\t\t\t<div class=\"elementor-element elementor-element-4aa25a0 elementor-widget elementor-widget-wgl-team\" data-id=\"4aa25a0\" data-element_type=\"widget\" data-widget_type=\"wgl-team.default\">\n\t\t\t\t<div class=\"elementor-widget-container\">\n\t\t\t        <div class=\"wgl_module_team team-col_1 acenter\">\r\n            <div class=\"team-items_wrap\">\r\n                <div class=\"team-item\"><div class=\"team-item_wrap\"><div class=\"team__media-wrapper\"><div class=\"team__icons\"><a href=\"https:\/\/www.linkedin.com\/in\/ousmane-barry-42517413\/\" class=\"team-icon fab fa-linkedin-in\"><\/a><\/div><div class=\"team__image-wrapper\"><a href=\"https:\/\/fiduxis.com\/?team=ousmane-barry&#038;lang=en\" class=\"team__image\"><img decoding=\"async\" src=\"https:\/\/fiduxis.com\/wp-content\/uploads\/2020\/11\/IMG_0064-min-scaled-540x700.jpg\" alt=\"\" \/><\/a><\/div><\/div><div class=\"team-item_info\"><h2 class=\"team-title\"><a href=\"https:\/\/fiduxis.com\/?team=ousmane-barry&#038;lang=en\">Ousmane Barry<\/a><\/h2><div class=\"team-department\">Director of Operations <\/div><\/div><\/div><\/div><div class=\"team-item\"><div class=\"team-item_wrap\"><div class=\"team__media-wrapper\"><div class=\"team__icons\"><a href=\"https:\/\/www.linkedin.com\/in\/ousmane-barry-42517413\/\" class=\"team-icon fab fa-linkedin-in\"><\/a><\/div><div class=\"team__image-wrapper\"><a href=\"https:\/\/fiduxis.com\/?team=ousmane-barry\" class=\"team__image\"><img decoding=\"async\" src=\"https:\/\/fiduxis.com\/wp-content\/uploads\/2020\/11\/IMG_0064-min-scaled-540x700.jpg\" alt=\"\" \/><\/a><\/div><\/div><div class=\"team-item_info\"><h2 class=\"team-title\"><a href=\"https:\/\/fiduxis.com\/?team=ousmane-barry\">Ousmane Barry<\/a><\/h2><div class=\"team-department\">Directeur Consulting<\/div><\/div><\/div><\/div>            <\/div>\r\n        <\/div>\r\n        \t\t<\/div>\n\t\t\t\t<\/div>\n\t\t\t\t\t<\/div>\n\t\t<\/div>\n\t\t\t\t\t<\/div>\n\t\t<\/section>\n\t\t\t\t<section class=\"elementor-section elementor-top-section elementor-element elementor-element-57a9be7 elementor-section-boxed elementor-section-height-default elementor-section-height-default\" data-id=\"57a9be7\" data-element_type=\"section\">\n\t\t\t\t\t\t<div class=\"elementor-container elementor-column-gap-default\">\n\t\t\t\t\t<div class=\"elementor-column elementor-col-100 elementor-top-column elementor-element elementor-element-98e68ad\" data-id=\"98e68ad\" data-element_type=\"column\">\n\t\t\t<div class=\"elementor-widget-wrap elementor-element-populated\">\n\t\t\t\t\t\t<div class=\"elementor-element elementor-element-3462fb4 elementor-widget elementor-widget-toggle\" data-id=\"3462fb4\" data-element_type=\"widget\" data-widget_type=\"toggle.default\">\n\t\t\t\t<div class=\"elementor-widget-container\">\n\t\t\t<style>\/*! elementor - v3.20.0 - 13-03-2024 *\/\n.elementor-toggle{text-align:left}.elementor-toggle .elementor-tab-title{font-weight:700;line-height:1;margin:0;padding:15px;border-bottom:1px solid #d5d8dc;cursor:pointer;outline:none}.elementor-toggle .elementor-tab-title .elementor-toggle-icon{display:inline-block;width:1em}.elementor-toggle .elementor-tab-title .elementor-toggle-icon svg{margin-inline-start:-5px;width:1em;height:1em}.elementor-toggle .elementor-tab-title .elementor-toggle-icon.elementor-toggle-icon-right{float:right;text-align:right}.elementor-toggle .elementor-tab-title .elementor-toggle-icon.elementor-toggle-icon-left{float:left;text-align:left}.elementor-toggle .elementor-tab-title .elementor-toggle-icon .elementor-toggle-icon-closed{display:block}.elementor-toggle .elementor-tab-title .elementor-toggle-icon .elementor-toggle-icon-opened{display:none}.elementor-toggle .elementor-tab-title.elementor-active{border-bottom:none}.elementor-toggle .elementor-tab-title.elementor-active .elementor-toggle-icon-closed{display:none}.elementor-toggle .elementor-tab-title.elementor-active .elementor-toggle-icon-opened{display:block}.elementor-toggle .elementor-tab-content{padding:15px;border-bottom:1px solid #d5d8dc;display:none}@media (max-width:767px){.elementor-toggle .elementor-tab-title{padding:12px}.elementor-toggle .elementor-tab-content{padding:12px 10px}}.e-con-inner>.elementor-widget-toggle,.e-con>.elementor-widget-toggle{width:var(--container-widget-width);--flex-grow:var(--container-widget-flex-grow)}<\/style>\t\t<div class=\"elementor-toggle\">\n\t\t\t\t\t\t\t<div class=\"elementor-toggle-item\">\n\t\t\t\t\t<div id=\"elementor-tab-title-5491\" class=\"elementor-tab-title\" data-tab=\"1\" role=\"button\" aria-controls=\"elementor-tab-content-5491\" aria-expanded=\"false\">\n\t\t\t\t\t\t\t\t\t\t\t\t<span class=\"elementor-toggle-icon elementor-toggle-icon-left\" aria-hidden=\"true\">\n\t\t\t\t\t\t\t\t\t\t\t\t\t\t\t<span class=\"elementor-toggle-icon-closed\"><i class=\"far fa-check-circle\"><\/i><\/span>\n\t\t\t\t\t\t\t\t<span class=\"elementor-toggle-icon-opened\"><i class=\"elementor-toggle-icon-opened fas fa-check-circle\"><\/i><\/span>\n\t\t\t\t\t\t\t\t\t\t\t\t\t<\/span>\n\t\t\t\t\t\t\t\t\t\t\t\t<a class=\"elementor-toggle-title\" tabindex=\"0\">Financial Advisory<\/a>\n\t\t\t\t\t<\/div>\n\n\t\t\t\t\t<div id=\"elementor-tab-content-5491\" class=\"elementor-tab-content elementor-clearfix\" data-tab=\"1\" role=\"region\" aria-labelledby=\"elementor-tab-title-5491\"><p>Apporter des conseils financiers pour s\u00e9curiser et optimiser vos transactions et op\u00e9rations.<\/p><\/div>\n\t\t\t\t<\/div>\n\t\t\t\t\t\t\t<div class=\"elementor-toggle-item\">\n\t\t\t\t\t<div id=\"elementor-tab-title-5492\" class=\"elementor-tab-title\" data-tab=\"2\" role=\"button\" aria-controls=\"elementor-tab-content-5492\" aria-expanded=\"false\">\n\t\t\t\t\t\t\t\t\t\t\t\t<span class=\"elementor-toggle-icon elementor-toggle-icon-left\" aria-hidden=\"true\">\n\t\t\t\t\t\t\t\t\t\t\t\t\t\t\t<span class=\"elementor-toggle-icon-closed\"><i class=\"far fa-check-circle\"><\/i><\/span>\n\t\t\t\t\t\t\t\t<span class=\"elementor-toggle-icon-opened\"><i class=\"elementor-toggle-icon-opened fas fa-check-circle\"><\/i><\/span>\n\t\t\t\t\t\t\t\t\t\t\t\t\t<\/span>\n\t\t\t\t\t\t\t\t\t\t\t\t<a class=\"elementor-toggle-title\" tabindex=\"0\">Management Consulting<\/a>\n\t\t\t\t\t<\/div>\n\n\t\t\t\t\t<div id=\"elementor-tab-content-5492\" class=\"elementor-tab-content elementor-clearfix\" data-tab=\"2\" role=\"region\" aria-labelledby=\"elementor-tab-title-5492\"><p>Diagnostiquer votre organisation, \u00e9laborer un plan d\u2019action et impl\u00e9menter des solutions qui favorisent une performance globale et durable.<\/p><\/div>\n\t\t\t\t<\/div>\n\t\t\t\t\t\t\t<div class=\"elementor-toggle-item\">\n\t\t\t\t\t<div id=\"elementor-tab-title-5493\" class=\"elementor-tab-title\" data-tab=\"3\" role=\"button\" aria-controls=\"elementor-tab-content-5493\" aria-expanded=\"false\">\n\t\t\t\t\t\t\t\t\t\t\t\t<span class=\"elementor-toggle-icon elementor-toggle-icon-left\" aria-hidden=\"true\">\n\t\t\t\t\t\t\t\t\t\t\t\t\t\t\t<span class=\"elementor-toggle-icon-closed\"><i class=\"far fa-check-circle\"><\/i><\/span>\n\t\t\t\t\t\t\t\t<span class=\"elementor-toggle-icon-opened\"><i class=\"elementor-toggle-icon-opened fas fa-check-circle\"><\/i><\/span>\n\t\t\t\t\t\t\t\t\t\t\t\t\t<\/span>\n\t\t\t\t\t\t\t\t\t\t\t\t<a class=\"elementor-toggle-title\" tabindex=\"0\">Op\u00e9rations<\/a>\n\t\t\t\t\t<\/div>\n\n\t\t\t\t\t<div id=\"elementor-tab-content-5493\" class=\"elementor-tab-content elementor-clearfix\" data-tab=\"3\" role=\"region\" aria-labelledby=\"elementor-tab-title-5493\"><p>Vous conseiller pour assurer la maitrise de vos activit\u00e9s op\u00e9rationnelles\u00a0: management de la qualit\u00e9, excellence op\u00e9rationnelle, gestion de la maintenance industrielle, gestion des flux logistiques, gestion de projets.<\/p><\/div>\n\t\t\t\t<\/div>\n\t\t\t\t\t\t\t<div class=\"elementor-toggle-item\">\n\t\t\t\t\t<div id=\"elementor-tab-title-5494\" class=\"elementor-tab-title\" data-tab=\"4\" role=\"button\" aria-controls=\"elementor-tab-content-5494\" aria-expanded=\"false\">\n\t\t\t\t\t\t\t\t\t\t\t\t<span class=\"elementor-toggle-icon elementor-toggle-icon-left\" aria-hidden=\"true\">\n\t\t\t\t\t\t\t\t\t\t\t\t\t\t\t<span class=\"elementor-toggle-icon-closed\"><i class=\"far fa-check-circle\"><\/i><\/span>\n\t\t\t\t\t\t\t\t<span class=\"elementor-toggle-icon-opened\"><i class=\"elementor-toggle-icon-opened fas fa-check-circle\"><\/i><\/span>\n\t\t\t\t\t\t\t\t\t\t\t\t\t<\/span>\n\t\t\t\t\t\t\t\t\t\t\t\t<a class=\"elementor-toggle-title\" tabindex=\"0\">Services aux PME locales et entreprises familiales<\/a>\n\t\t\t\t\t<\/div>\n\n\t\t\t\t\t<div id=\"elementor-tab-content-5494\" class=\"elementor-tab-content elementor-clearfix\" data-tab=\"4\" role=\"region\" aria-labelledby=\"elementor-tab-title-5494\"><p>Des solutions sp\u00e9cifiquement con\u00e7ues pour contribuer \u00e0 b\u00e2tir des entreprises locales solides et comp\u00e9titives<\/p><\/div>\n\t\t\t\t<\/div>\n\t\t\t\t\t\t\t<div class=\"elementor-toggle-item\">\n\t\t\t\t\t<div id=\"elementor-tab-title-5495\" class=\"elementor-tab-title\" data-tab=\"5\" role=\"button\" aria-controls=\"elementor-tab-content-5495\" aria-expanded=\"false\">\n\t\t\t\t\t\t\t\t\t\t\t\t<span class=\"elementor-toggle-icon elementor-toggle-icon-left\" aria-hidden=\"true\">\n\t\t\t\t\t\t\t\t\t\t\t\t\t\t\t<span class=\"elementor-toggle-icon-closed\"><i class=\"far fa-check-circle\"><\/i><\/span>\n\t\t\t\t\t\t\t\t<span class=\"elementor-toggle-icon-opened\"><i class=\"elementor-toggle-icon-opened fas fa-check-circle\"><\/i><\/span>\n\t\t\t\t\t\t\t\t\t\t\t\t\t<\/span>\n\t\t\t\t\t\t\t\t\t\t\t\t<a class=\"elementor-toggle-title\" tabindex=\"0\">Services aux bailleurs de fonds, secteur public & parapublic (DPP)<\/a>\n\t\t\t\t\t<\/div>\n\n\t\t\t\t\t<div id=\"elementor-tab-content-5495\" class=\"elementor-tab-content elementor-clearfix\" data-tab=\"5\" role=\"region\" aria-labelledby=\"elementor-tab-title-5495\"><p>Accompagner les acteurs du secteur public (\u00c9tablissements Publics, administrations\u2026) et les bailleurs de fonds dans leur recherche de transparence et de performance.<\/p><\/div>\n\t\t\t\t<\/div>\n\t\t\t\t\t\t\t<div class=\"elementor-toggle-item\">\n\t\t\t\t\t<div id=\"elementor-tab-title-5496\" class=\"elementor-tab-title\" data-tab=\"6\" role=\"button\" aria-controls=\"elementor-tab-content-5496\" aria-expanded=\"false\">\n\t\t\t\t\t\t\t\t\t\t\t\t<span class=\"elementor-toggle-icon elementor-toggle-icon-left\" aria-hidden=\"true\">\n\t\t\t\t\t\t\t\t\t\t\t\t\t\t\t<span class=\"elementor-toggle-icon-closed\"><i class=\"far fa-check-circle\"><\/i><\/span>\n\t\t\t\t\t\t\t\t<span class=\"elementor-toggle-icon-opened\"><i class=\"elementor-toggle-icon-opened fas fa-check-circle\"><\/i><\/span>\n\t\t\t\t\t\t\t\t\t\t\t\t\t<\/span>\n\t\t\t\t\t\t\t\t\t\t\t\t<a class=\"elementor-toggle-title\" tabindex=\"0\">Transformation digitale<\/a>\n\t\t\t\t\t<\/div>\n\n\t\t\t\t\t<div id=\"elementor-tab-content-5496\" class=\"elementor-tab-content elementor-clearfix\" data-tab=\"6\" role=\"region\" aria-labelledby=\"elementor-tab-title-5496\"><p>Apporter des conseils \u00e9clair\u00e9s pour r\u00e9ussir les projets de transformation digitale\u00a0: mise en place d\u2019outils digitaux, diagnostic et renforcement des capacit\u00e9s, appui \u00e0 l\u2019op\u00e9rationnalisation.<\/p><\/div>\n\t\t\t\t<\/div>\n\t\t\t\t\t\t\t\t<\/div>\n\t\t\t\t<\/div>\n\t\t\t\t<\/div>\n\t\t\t\t\t<\/div>\n\t\t<\/div>\n\t\t\t\t\t<\/div>\n\t\t<\/section>\n\t\t\t\t<section class=\"elementor-section elementor-top-section elementor-element elementor-element-59ee291 elementor-section-boxed elementor-section-height-default elementor-section-height-default\" data-id=\"59ee291\" data-element_type=\"section\">\n\t\t\t\t\t\t<div class=\"elementor-container elementor-column-gap-default\">\n\t\t\t\t\t<div class=\"elementor-column elementor-col-100 elementor-top-column elementor-element elementor-element-8aa382e\" data-id=\"8aa382e\" data-element_type=\"column\">\n\t\t\t<div class=\"elementor-widget-wrap elementor-element-populated\">\n\t\t\t\t\t\t<div class=\"elementor-element elementor-element-c300a62 elementor-widget elementor-widget-spacer\" data-id=\"c300a62\" data-element_type=\"widget\" data-widget_type=\"spacer.default\">\n\t\t\t\t<div class=\"elementor-widget-container\">\n\t\t\t\t\t<div class=\"elementor-spacer\">\n\t\t\t<div class=\"elementor-spacer-inner\"><\/div>\n\t\t<\/div>\n\t\t\t\t<\/div>\n\t\t\t\t<\/div>\n\t\t\t\t\t<\/div>\n\t\t<\/div>\n\t\t\t\t\t<\/div>\n\t\t<\/section>\n\t\t\t\t<\/div>\n\t\t","protected":false},"excerpt":{"rendered":"<p>Renforcez votre performance et r\u00e9ussissez votre transformation Nous accompagnons les organisations en leur offrant des services de conseil flexibles et adapt\u00e9s \u00e0 leur contexte et leur situation sp\u00e9cifiques. Nous apportons \u00e0 nos clients notre connaissance des\u00a0meilleures pratiques\u00a0pour les aider \u00e0 acqu\u00e9rir toutes les ressources et les comp\u00e9tences n\u00e9cessaires \u00e0 leur croissance et \u00e0 leur p\u00e9rennit\u00e9. [&hellip;]<\/p>\n","protected":false},"author":1,"featured_media":0,"parent":0,"menu_order":0,"comment_status":"closed","ping_status":"closed","template":"","meta":{"footnotes":""},"class_list":["post-5498","page","type-page","status-publish","hentry"],"yoast_head":"<!-- This site is optimized with the Yoast SEO plugin v22.2 - https:\/\/yoast.com\/wordpress\/plugins\/seo\/ -->\n<title>Consulting - Fiduxis<\/title>\n<meta name=\"robots\" content=\"index, follow, max-snippet:-1, max-image-preview:large, max-video-preview:-1\" \/>\n<link rel=\"canonical\" href=\"https:\/\/fiduxis.com\/?page_id=5498\" \/>\n<meta property=\"og:locale\" content=\"fr_FR\" \/>\n<meta property=\"og:type\" content=\"article\" \/>\n<meta property=\"og:title\" content=\"Consulting - Fiduxis\" \/>\n<meta property=\"og:description\" content=\"Renforcez votre performance et r\u00e9ussissez votre transformation Nous accompagnons les organisations en leur offrant des services de conseil flexibles et adapt\u00e9s \u00e0 leur contexte et leur situation sp\u00e9cifiques. Nous apportons \u00e0 nos clients notre connaissance des\u00a0meilleures pratiques\u00a0pour les aider \u00e0 acqu\u00e9rir toutes les ressources et les comp\u00e9tences n\u00e9cessaires \u00e0 leur croissance et \u00e0 leur p\u00e9rennit\u00e9. [&hellip;]\" \/>\n<meta property=\"og:url\" content=\"https:\/\/fiduxis.com\/?page_id=5498\" \/>\n<meta property=\"og:site_name\" content=\"Fiduxis\" \/>\n<meta property=\"article:modified_time\" content=\"2024-02-24T10:12:19+00:00\" \/>\n<meta property=\"og:image\" content=\"https:\/\/fiduxis.com\/wp-content\/uploads\/2020\/11\/IMG_0064-min-scaled-540x700.jpg\" \/>\n<meta name=\"twitter:card\" content=\"summary_large_image\" \/>\n<meta name=\"twitter:label1\" content=\"Dur\u00e9e de lecture estim\u00e9e\" \/>\n\t<meta name=\"twitter:data1\" content=\"2 minutes\" \/>\n<script type=\"application\/ld+json\" class=\"yoast-schema-graph\">{\"@context\":\"https:\/\/schema.org\",\"@graph\":[{\"@type\":\"WebPage\",\"@id\":\"https:\/\/fiduxis.com\/?page_id=5498\",\"url\":\"https:\/\/fiduxis.com\/?page_id=5498\",\"name\":\"Consulting - Fiduxis\",\"isPartOf\":{\"@id\":\"https:\/\/fiduxis.com\/#website\"},\"primaryImageOfPage\":{\"@id\":\"https:\/\/fiduxis.com\/?page_id=5498#primaryimage\"},\"image\":{\"@id\":\"https:\/\/fiduxis.com\/?page_id=5498#primaryimage\"},\"thumbnailUrl\":\"https:\/\/fiduxis.com\/wp-content\/uploads\/2020\/11\/IMG_0064-min-scaled-540x700.jpg\",\"datePublished\":\"2022-02-28T21:10:11+00:00\",\"dateModified\":\"2024-02-24T10:12:19+00:00\",\"breadcrumb\":{\"@id\":\"https:\/\/fiduxis.com\/?page_id=5498#breadcrumb\"},\"inLanguage\":\"fr-FR\",\"potentialAction\":[{\"@type\":\"ReadAction\",\"target\":[\"https:\/\/fiduxis.com\/?page_id=5498\"]}]},{\"@type\":\"ImageObject\",\"inLanguage\":\"fr-FR\",\"@id\":\"https:\/\/fiduxis.com\/?page_id=5498#primaryimage\",\"url\":\"https:\/\/fiduxis.com\/wp-content\/uploads\/2020\/11\/IMG_0064-min-scaled.jpg\",\"contentUrl\":\"https:\/\/fiduxis.com\/wp-content\/uploads\/2020\/11\/IMG_0064-min-scaled.jpg\",\"width\":1707,\"height\":2560},{\"@type\":\"BreadcrumbList\",\"@id\":\"https:\/\/fiduxis.com\/?page_id=5498#breadcrumb\",\"itemListElement\":[{\"@type\":\"ListItem\",\"position\":1,\"name\":\"Accueil\",\"item\":\"https:\/\/fiduxis.com\/\"},{\"@type\":\"ListItem\",\"position\":2,\"name\":\"Consulting\"}]},{\"@type\":\"WebSite\",\"@id\":\"https:\/\/fiduxis.com\/#website\",\"url\":\"https:\/\/fiduxis.com\/\",\"name\":\"Fiduxis\",\"description\":\"Un cabinet de services int\u00e9gr\u00e9s\",\"potentialAction\":[{\"@type\":\"SearchAction\",\"target\":{\"@type\":\"EntryPoint\",\"urlTemplate\":\"https:\/\/fiduxis.com\/?s={search_term_string}\"},\"query-input\":\"required name=search_term_string\"}],\"inLanguage\":\"fr-FR\"}]}<\/script>\n<!-- \/ Yoast SEO plugin. -->","yoast_head_json":{"title":"Consulting - Fiduxis","robots":{"index":"index","follow":"follow","max-snippet":"max-snippet:-1","max-image-preview":"max-image-preview:large","max-video-preview":"max-video-preview:-1"},"canonical":"https:\/\/fiduxis.com\/?page_id=5498","og_locale":"fr_FR","og_type":"article","og_title":"Consulting - Fiduxis","og_description":"Renforcez votre performance et r\u00e9ussissez votre transformation Nous accompagnons les organisations en leur offrant des services de conseil flexibles et adapt\u00e9s \u00e0 leur contexte et leur situation sp\u00e9cifiques. Nous apportons \u00e0 nos clients notre connaissance des\u00a0meilleures pratiques\u00a0pour les aider \u00e0 acqu\u00e9rir toutes les ressources et les comp\u00e9tences n\u00e9cessaires \u00e0 leur croissance et \u00e0 leur p\u00e9rennit\u00e9. [&hellip;]","og_url":"https:\/\/fiduxis.com\/?page_id=5498","og_site_name":"Fiduxis","article_modified_time":"2024-02-24T10:12:19+00:00","og_image":[{"url":"https:\/\/fiduxis.com\/wp-content\/uploads\/2020\/11\/IMG_0064-min-scaled-540x700.jpg"}],"twitter_card":"summary_large_image","twitter_misc":{"Dur\u00e9e de lecture estim\u00e9e":"2 minutes"},"schema":{"@context":"https:\/\/schema.org","@graph":[{"@type":"WebPage","@id":"https:\/\/fiduxis.com\/?page_id=5498","url":"https:\/\/fiduxis.com\/?page_id=5498","name":"Consulting - Fiduxis","isPartOf":{"@id":"https:\/\/fiduxis.com\/#website"},"primaryImageOfPage":{"@id":"https:\/\/fiduxis.com\/?page_id=5498#primaryimage"},"image":{"@id":"https:\/\/fiduxis.com\/?page_id=5498#primaryimage"},"thumbnailUrl":"https:\/\/fiduxis.com\/wp-content\/uploads\/2020\/11\/IMG_0064-min-scaled-540x700.jpg","datePublished":"2022-02-28T21:10:11+00:00","dateModified":"2024-02-24T10:12:19+00:00","breadcrumb":{"@id":"https:\/\/fiduxis.com\/?page_id=5498#breadcrumb"},"inLanguage":"fr-FR","potentialAction":[{"@type":"ReadAction","target":["https:\/\/fiduxis.com\/?page_id=5498"]}]},{"@type":"ImageObject","inLanguage":"fr-FR","@id":"https:\/\/fiduxis.com\/?page_id=5498#primaryimage","url":"https:\/\/fiduxis.com\/wp-content\/uploads\/2020\/11\/IMG_0064-min-scaled.jpg","contentUrl":"https:\/\/fiduxis.com\/wp-content\/uploads\/2020\/11\/IMG_0064-min-scaled.jpg","width":1707,"height":2560},{"@type":"BreadcrumbList","@id":"https:\/\/fiduxis.com\/?page_id=5498#breadcrumb","itemListElement":[{"@type":"ListItem","position":1,"name":"Accueil","item":"https:\/\/fiduxis.com\/"},{"@type":"ListItem","position":2,"name":"Consulting"}]},{"@type":"WebSite","@id":"https:\/\/fiduxis.com\/#website","url":"https:\/\/fiduxis.com\/","name":"Fiduxis","description":"Un cabinet de services int\u00e9gr\u00e9s","potentialAction":[{"@type":"SearchAction","target":{"@type":"EntryPoint","urlTemplate":"https:\/\/fiduxis.com\/?s={search_term_string}"},"query-input":"required name=search_term_string"}],"inLanguage":"fr-FR"}]}},"lang":"fr","translations":{"fr":5498,"en":7575},"pll_sync_post":[],"_links":{"self":[{"href":"https:\/\/fiduxis.com\/index.php?rest_route=\/wp\/v2\/pages\/5498","targetHints":{"allow":["GET"]}}],"collection":[{"href":"https:\/\/fiduxis.com\/index.php?rest_route=\/wp\/v2\/pages"}],"about":[{"href":"https:\/\/fiduxis.com\/index.php?rest_route=\/wp\/v2\/types\/page"}],"author":[{"embeddable":true,"href":"https:\/\/fiduxis.com\/index.php?rest_route=\/wp\/v2\/users\/1"}],"replies":[{"embeddable":true,"href":"https:\/\/fiduxis.com\/index.php?rest_route=%2Fwp%2Fv2%2Fcomments&post=5498"}],"version-history":[{"count":156,"href":"https:\/\/fiduxis.com\/index.php?rest_route=\/wp\/v2\/pages\/5498\/revisions"}],"predecessor-version":[{"id":8512,"href":"https:\/\/fiduxis.com\/index.php?rest_route=\/wp\/v2\/pages\/5498\/revisions\/8512"}],"wp:attachment":[{"href":"https:\/\/fiduxis.com\/index.php?rest_route=%2Fwp%2Fv2%2Fmedia&parent=5498"}],"curies":[{"name":"wp","href":"https:\/\/api.w.org\/{rel}","templated":true}]}}