{"id":6910,"date":"2022-05-27T00:16:29","date_gmt":"2022-05-26T22:16:29","guid":{"rendered":"https:\/\/fiduxis.com\/?page_id=6910"},"modified":"2022-12-03T12:14:53","modified_gmt":"2022-12-03T11:14:53","slug":"expertises","status":"publish","type":"page","link":"http:\/\/fiduxis.com\/?page_id=6910","title":{"rendered":"Expertises"},"content":{"rendered":"\t\t<div data-elementor-type=\"wp-page\" data-elementor-id=\"6910\" class=\"elementor elementor-6910\">\n\t\t\t\t\t\t<section class=\"elementor-section elementor-top-section elementor-element elementor-element-4460205 elementor-section-boxed elementor-section-height-default elementor-section-height-default\" data-id=\"4460205\" data-element_type=\"section\">\n\t\t\t\t\t\t<div class=\"elementor-container elementor-column-gap-default\">\n\t\t\t\t\t<div class=\"elementor-column elementor-col-100 elementor-top-column elementor-element elementor-element-55a9f22\" data-id=\"55a9f22\" data-element_type=\"column\">\n\t\t\t<div class=\"elementor-widget-wrap elementor-element-populated\">\n\t\t\t\t\t\t<div class=\"elementor-element elementor-element-a4d3bf6 elementor-widget elementor-widget-spacer\" data-id=\"a4d3bf6\" data-element_type=\"widget\" data-widget_type=\"spacer.default\">\n\t\t\t\t<div class=\"elementor-widget-container\">\n\t\t\t<style>\/*! elementor - v3.20.0 - 13-03-2024 *\/\n.elementor-column .elementor-spacer-inner{height:var(--spacer-size)}.e-con{--container-widget-width:100%}.e-con-inner>.elementor-widget-spacer,.e-con>.elementor-widget-spacer{width:var(--container-widget-width,var(--spacer-size));--align-self:var(--container-widget-align-self,initial);--flex-shrink:0}.e-con-inner>.elementor-widget-spacer>.elementor-widget-container,.e-con>.elementor-widget-spacer>.elementor-widget-container{height:100%;width:100%}.e-con-inner>.elementor-widget-spacer>.elementor-widget-container>.elementor-spacer,.e-con>.elementor-widget-spacer>.elementor-widget-container>.elementor-spacer{height:100%}.e-con-inner>.elementor-widget-spacer>.elementor-widget-container>.elementor-spacer>.elementor-spacer-inner,.e-con>.elementor-widget-spacer>.elementor-widget-container>.elementor-spacer>.elementor-spacer-inner{height:var(--container-widget-height,var(--spacer-size))}.e-con-inner>.elementor-widget-spacer.elementor-widget-empty,.e-con>.elementor-widget-spacer.elementor-widget-empty{position:relative;min-height:22px;min-width:22px}.e-con-inner>.elementor-widget-spacer.elementor-widget-empty .elementor-widget-empty-icon,.e-con>.elementor-widget-spacer.elementor-widget-empty .elementor-widget-empty-icon{position:absolute;top:0;bottom:0;left:0;right:0;margin:auto;padding:0;width:22px;height:22px}<\/style>\t\t<div class=\"elementor-spacer\">\n\t\t\t<div class=\"elementor-spacer-inner\"><\/div>\n\t\t<\/div>\n\t\t\t\t<\/div>\n\t\t\t\t<\/div>\n\t\t\t\t\t<\/div>\n\t\t<\/div>\n\t\t\t\t\t<\/div>\n\t\t<\/section>\n\t\t\t\t<section class=\"elementor-section elementor-top-section elementor-element elementor-element-1cfcb1a elementor-section-boxed elementor-section-height-default elementor-section-height-default\" data-id=\"1cfcb1a\" data-element_type=\"section\">\n\t\t\t\t\t\t<div class=\"elementor-container elementor-column-gap-default\">\n\t\t\t\t\t<div class=\"elementor-column elementor-col-100 elementor-top-column elementor-element elementor-element-d2eb467\" data-id=\"d2eb467\" data-element_type=\"column\">\n\t\t\t<div class=\"elementor-widget-wrap elementor-element-populated\">\n\t\t\t\t\t\t<div class=\"elementor-element elementor-element-0f88eba aleft elementor-widget elementor-widget-wgl-double-headings\" data-id=\"0f88eba\" data-element_type=\"widget\" data-widget_type=\"wgl-double-headings.default\">\n\t\t\t\t<div class=\"elementor-widget-container\">\n\t\t\t<div class=\"wgl-double_heading\"><div class=\"dbl__subtitle\">EXPERTISES<\/div><h3 class=\"dbl__title-wrapper\"><span class=\"dbl__title dbl__title_1\">Des services \u00e0 forte valeurs ajout\u00e9es <\/span><span class=\"dbl__title dbl__title_3\">pour votre entreprise<\/span><\/h3><\/div>\t\t<\/div>\n\t\t\t\t<\/div>\n\t\t\t\t<div class=\"elementor-element elementor-element-5772c12 elementor-widget elementor-widget-text-editor\" data-id=\"5772c12\" data-element_type=\"widget\" data-widget_type=\"text-editor.default\">\n\t\t\t\t<div class=\"elementor-widget-container\">\n\t\t\t<style>\/*! elementor - v3.20.0 - 13-03-2024 *\/\n.elementor-widget-text-editor.elementor-drop-cap-view-stacked .elementor-drop-cap{background-color:#69727d;color:#fff}.elementor-widget-text-editor.elementor-drop-cap-view-framed .elementor-drop-cap{color:#69727d;border:3px solid;background-color:transparent}.elementor-widget-text-editor:not(.elementor-drop-cap-view-default) .elementor-drop-cap{margin-top:8px}.elementor-widget-text-editor:not(.elementor-drop-cap-view-default) .elementor-drop-cap-letter{width:1em;height:1em}.elementor-widget-text-editor .elementor-drop-cap{float:left;text-align:center;line-height:1;font-size:50px}.elementor-widget-text-editor .elementor-drop-cap-letter{display:inline-block}<\/style>\t\t\t\t<p>Nous sommes engag\u00e9s aux c\u00f4t\u00e9s de nos clients pour les accompagner \u00e0 relever leurs d\u00e9fis quotidiens et \u00e0 atteindre leurs objectifs \u00e0 moyen et long terme.<\/p><p>Par l\u2019interm\u00e9diaire de nos m\u00e9tiers r\u00e8glement\u00e9s, nous assistons nos clients d\u2019une part dans la production d\u2019une information financi\u00e8re de qualit\u00e9, et d\u2019autre part dans la v\u00e9rification de celle-ci et l\u2019\u00e9mission d\u2019une opinion.<\/p><p>Nous mettons \u00e0 leur service la diversit\u00e9 de nos experts pour les conseiller dans leurs projets de d\u00e9veloppement et de transformation.<\/p>\t\t\t\t\t\t<\/div>\n\t\t\t\t<\/div>\n\t\t\t\t\t<\/div>\n\t\t<\/div>\n\t\t\t\t\t<\/div>\n\t\t<\/section>\n\t\t\t\t<section class=\"elementor-section elementor-top-section elementor-element elementor-element-8da0bf6 elementor-section-boxed elementor-section-height-default elementor-section-height-default\" data-id=\"8da0bf6\" data-element_type=\"section\" data-settings=\"{&quot;background_background&quot;:&quot;classic&quot;}\">\n\t\t\t\t\t\t<div class=\"elementor-container elementor-column-gap-default\">\n\t\t\t\t\t<div class=\"elementor-column elementor-col-100 elementor-top-column elementor-element elementor-element-bd7a4c5\" data-id=\"bd7a4c5\" data-element_type=\"column\">\n\t\t\t<div class=\"elementor-widget-wrap elementor-element-populated\">\n\t\t\t\t\t\t<div class=\"elementor-element elementor-element-202d702 elementor-widget elementor-widget-spacer\" data-id=\"202d702\" data-element_type=\"widget\" data-widget_type=\"spacer.default\">\n\t\t\t\t<div class=\"elementor-widget-container\">\n\t\t\t\t\t<div class=\"elementor-spacer\">\n\t\t\t<div class=\"elementor-spacer-inner\"><\/div>\n\t\t<\/div>\n\t\t\t\t<\/div>\n\t\t\t\t<\/div>\n\t\t\t\t<div class=\"elementor-element elementor-element-b237e05 elementor-widget__width-initial elementor-absolute elementor-hidden-tablet elementor-hidden-phone elementor-widget elementor-widget-wgl-image-animate\" data-id=\"b237e05\" data-element_type=\"widget\" data-settings=\"{&quot;_position&quot;:&quot;absolute&quot;}\" data-widget_type=\"wgl-image-animate.default\">\n\t\t\t\t<div class=\"elementor-widget-container\">\n\t\t\t<div class=\"wgl-image-animate\"><div class=\"img-layer_image-wrapper up_down3\" style=\"z-index: 1\">\r\n                <div class=\"img-layer_item\" style=\"transform: translate(0%, -2%);\">\r\n                    <div class=\"img-layer_image\" style=\"animation-duration: 5s;\">\r\n                        <img decoding=\"async\" src=\"http:\/\/fiduxis.com\/wp-content\/uploads\/2020\/11\/elements_01-3.png\" alt=\"\" \/>\r\n                    <\/div>\r\n                <\/div>\r\n            <\/div><div class=\"img-layer_image-wrapper up_down2\" style=\"z-index: 1\">\r\n                <div class=\"img-layer_item\" style=\"transform: translate(0%, -1.5%);\">\r\n                    <div class=\"img-layer_image\" style=\"animation-duration: 5s;\">\r\n                        <img decoding=\"async\" src=\"http:\/\/fiduxis.com\/wp-content\/uploads\/2020\/11\/elements_01-2.png\" alt=\"image\" \/>\r\n                    <\/div>\r\n                <\/div>\r\n            <\/div><div class=\"img-layer_image-wrapper up_down\" style=\"z-index: 1\">\r\n                <div class=\"img-layer_item\" style=\"transform: translate(0%, 0%);\">\r\n                    <div class=\"img-layer_image\" style=\"animation-duration: 5s;\">\r\n                        <img decoding=\"async\" src=\"http:\/\/fiduxis.com\/wp-content\/uploads\/2020\/11\/elements_01-1.png\" alt=\"\" \/>\r\n                    <\/div>\r\n                <\/div>\r\n            <\/div><\/div>\t\t<\/div>\n\t\t\t\t<\/div>\n\t\t\t\t<div class=\"elementor-element elementor-element-09077b3 elementor-widget__width-initial elementor-widget-tablet__width-initial elementor-widget-mobile__width-inherit aleft elementor-widget elementor-widget-wgl-double-headings\" data-id=\"09077b3\" data-element_type=\"widget\" data-widget_type=\"wgl-double-headings.default\">\n\t\t\t\t<div class=\"elementor-widget-container\">\n\t\t\t<div class=\"wgl-double_heading\"><div class=\"dbl__subtitle\">DOMAINES D'EXPERTISES<\/div><h4 class=\"dbl__title-wrapper\"><span class=\"dbl__title dbl__title_1\">Notre expertise est repartie au sein de  (4) Business Unit<\/span><span class=\"dbl__title dbl__title_3\"> chacune d\u00e9di\u00e9e \u00e0 offrir des services porteurs de croissance pour les entreprises. <\/span><\/h4><\/div>\t\t<\/div>\n\t\t\t\t<\/div>\n\t\t\t\t<div class=\"elementor-element elementor-element-5eaae5c elementor-widget__width-initial elementor-widget-tablet__width-initial elementor-widget-mobile__width-inherit aleft elementor-widget-icon-box wgl-icon-box elementor-view-default button-standard elementor-widget elementor-widget-wgl-info-box\" data-id=\"5eaae5c\" data-element_type=\"widget\" data-widget_type=\"wgl-info-box.default\">\n\t\t\t\t<div class=\"elementor-widget-container\">\n\t\t\t<a class=\"wgl-infobox__link\" href=\"https:\/\/fiduxis.com\/audit-et-assurance\/\"><\/a><div class=\"wgl-infobox\"><div class=\"wgl-infobox_wrapper wgl-layout-top  \"><div class=\"media-wrapper icon-wrapper\"><\/div><div class=\"content_wrapper\"><div class=\"wgl-infobox-title_wrapper\"><h3 class=\"wgl-infobox_title\"><span class=\"wgl-infobox_title-idle\">Audit et Assurance<\/span><\/h3><\/div><div class=\"wgl-infobox_content\">Certifier l\u2019information comptable et financi\u00e8re, c\u2019est contribuer \u00e0 renforcer la confiance des investisseurs et des autres parties prenantes.<\/div><div class=\"wgl-infobox-button_wrapper\"><div  class=\"wgl-infobox_button button-read-more\"><span>LIRE PLUS<\/span><\/div><\/div><\/div><\/div><\/div>\t\t<\/div>\n\t\t\t\t<\/div>\n\t\t\t\t<div class=\"elementor-element elementor-element-b249a7c elementor-widget__width-initial elementor-widget-tablet__width-initial elementor-widget-mobile__width-inherit aleft elementor-widget-icon-box wgl-icon-box elementor-view-default button-standard elementor-widget elementor-widget-wgl-info-box\" data-id=\"b249a7c\" data-element_type=\"widget\" data-widget_type=\"wgl-info-box.default\">\n\t\t\t\t<div class=\"elementor-widget-container\">\n\t\t\t<a class=\"wgl-infobox__link\" href=\"https:\/\/fiduxis.com\/consulting\/\"><\/a><div class=\"wgl-infobox\"><div class=\"wgl-infobox_wrapper wgl-layout-top  \"><div class=\"media-wrapper icon-wrapper\"><\/div><div class=\"content_wrapper\"><div class=\"wgl-infobox-title_wrapper\"><h3 class=\"wgl-infobox_title\"><span class=\"wgl-infobox_title-idle\">Consulting<\/span><\/h3><\/div><div class=\"wgl-infobox_content\"><p><span>Nous accompagnons les organisations en leur offrant des services de conseil flexibles et adapt\u00e9s \u00e0 leur contexte et leur situation sp\u00e9cifiques.<\/span><\/p><\/div><div class=\"wgl-infobox-button_wrapper\"><div  class=\"wgl-infobox_button button-read-more\"><span>LIRE PLUS<\/span><\/div><\/div><\/div><\/div><\/div>\t\t<\/div>\n\t\t\t\t<\/div>\n\t\t\t\t<div class=\"elementor-element elementor-element-e70ce61 elementor-widget__width-initial elementor-widget-tablet__width-initial elementor-widget-mobile__width-inherit aleft elementor-widget-icon-box wgl-icon-box elementor-view-default button-standard elementor-widget elementor-widget-wgl-info-box\" data-id=\"e70ce61\" data-element_type=\"widget\" data-widget_type=\"wgl-info-box.default\">\n\t\t\t\t<div class=\"elementor-widget-container\">\n\t\t\t<a class=\"wgl-infobox__link\" href=\"https:\/\/fiduxis.com\/capital-humain\/\"><\/a><div class=\"wgl-infobox\"><div class=\"wgl-infobox_wrapper wgl-layout-top  \"><div class=\"media-wrapper icon-wrapper\"><\/div><div class=\"content_wrapper\"><div class=\"wgl-infobox-title_wrapper\"><h3 class=\"wgl-infobox_title\"><span class=\"wgl-infobox_title-idle\">Capital humain<\/span><\/h3><\/div><div class=\"wgl-infobox_content\"><p><span>Les ressources humaines sont un moyen de se diff\u00e9rencier de la concurrence et d\u2019accro\u00eetre la performance de l\u2019organisation.<\/span><\/p><\/div><div class=\"wgl-infobox-button_wrapper\"><div  class=\"wgl-infobox_button button-read-more\"><span>LIRE PLUS<\/span><\/div><\/div><\/div><\/div><\/div>\t\t<\/div>\n\t\t\t\t<\/div>\n\t\t\t\t<div class=\"elementor-element elementor-element-256526e elementor-widget__width-initial elementor-widget-tablet__width-initial elementor-widget-mobile__width-inherit aleft elementor-widget-icon-box wgl-icon-box elementor-view-default button-standard elementor-widget elementor-widget-wgl-info-box\" data-id=\"256526e\" data-element_type=\"widget\" data-widget_type=\"wgl-info-box.default\">\n\t\t\t\t<div class=\"elementor-widget-container\">\n\t\t\t<a class=\"wgl-infobox__link\" href=\"https:\/\/fiduxis.com\/fiscal-juridique\/\"><\/a><div class=\"wgl-infobox\"><div class=\"wgl-infobox_wrapper wgl-layout-top  \"><div class=\"media-wrapper icon-wrapper\"><\/div><div class=\"content_wrapper\"><div class=\"wgl-infobox-title_wrapper\"><h3 class=\"wgl-infobox_title\"><span class=\"wgl-infobox_title-idle\">Fiscal &amp; Juridique<\/span><\/h3><\/div><div class=\"wgl-infobox_content\">Notre parfaite ma\u00eetrise des textes et de la pratique de la fiscalit\u00e9 locale nous permet d\u2019apporter une assistance pointue \u00e0 nos clients.<\/div><div class=\"wgl-infobox-button_wrapper\"><div  class=\"wgl-infobox_button button-read-more\"><span>LIRE PLUS<\/span><\/div><\/div><\/div><\/div><\/div>\t\t<\/div>\n\t\t\t\t<\/div>\n\t\t\t\t<div class=\"elementor-element elementor-element-fd31a87 elementor-widget elementor-widget-spacer\" data-id=\"fd31a87\" data-element_type=\"widget\" data-widget_type=\"spacer.default\">\n\t\t\t\t<div class=\"elementor-widget-container\">\n\t\t\t\t\t<div class=\"elementor-spacer\">\n\t\t\t<div class=\"elementor-spacer-inner\"><\/div>\n\t\t<\/div>\n\t\t\t\t<\/div>\n\t\t\t\t<\/div>\n\t\t\t\t\t<\/div>\n\t\t<\/div>\n\t\t\t\t\t<\/div>\n\t\t<\/section>\n\t\t\t\t<\/div>\n\t\t","protected":false},"excerpt":{"rendered":"<p>EXPERTISES Des services \u00e0 forte valeurs ajout\u00e9es pour votre entreprise Nous sommes engag\u00e9s aux c\u00f4t\u00e9s de nos clients pour les accompagner \u00e0 relever leurs d\u00e9fis quotidiens et \u00e0 atteindre leurs objectifs \u00e0 moyen et long terme. Par l\u2019interm\u00e9diaire de nos m\u00e9tiers r\u00e8glement\u00e9s, nous assistons nos clients d\u2019une part dans la production d\u2019une information financi\u00e8re de [&hellip;]<\/p>\n","protected":false},"author":1,"featured_media":0,"parent":0,"menu_order":0,"comment_status":"closed","ping_status":"closed","template":"","meta":{"footnotes":""},"class_list":["post-6910","page","type-page","status-publish","hentry"],"yoast_head":"<!-- This site is optimized with the Yoast SEO plugin v22.2 - https:\/\/yoast.com\/wordpress\/plugins\/seo\/ -->\n<title>Expertises - Fiduxis<\/title>\n<meta name=\"robots\" content=\"index, follow, max-snippet:-1, max-image-preview:large, max-video-preview:-1\" \/>\n<link rel=\"canonical\" href=\"http:\/\/fiduxis.com\/?page_id=6910\" \/>\n<meta property=\"og:locale\" content=\"fr_FR\" \/>\n<meta property=\"og:type\" content=\"article\" \/>\n<meta property=\"og:title\" content=\"Expertises - Fiduxis\" \/>\n<meta property=\"og:description\" content=\"EXPERTISES Des services \u00e0 forte valeurs ajout\u00e9es pour votre entreprise Nous sommes engag\u00e9s aux c\u00f4t\u00e9s de nos clients pour les accompagner \u00e0 relever leurs d\u00e9fis quotidiens et \u00e0 atteindre leurs objectifs \u00e0 moyen et long terme. Par l\u2019interm\u00e9diaire de nos m\u00e9tiers r\u00e8glement\u00e9s, nous assistons nos clients d\u2019une part dans la production d\u2019une information financi\u00e8re de [&hellip;]\" \/>\n<meta property=\"og:url\" content=\"http:\/\/fiduxis.com\/?page_id=6910\" \/>\n<meta property=\"og:site_name\" content=\"Fiduxis\" \/>\n<meta property=\"article:modified_time\" content=\"2022-12-03T11:14:53+00:00\" \/>\n<meta property=\"og:image\" content=\"http:\/\/fiduxis.com\/wp-content\/uploads\/2020\/11\/elements_01-3.png\" \/>\n<meta name=\"twitter:card\" content=\"summary_large_image\" \/>\n<meta name=\"twitter:label1\" content=\"Dur\u00e9e de lecture estim\u00e9e\" \/>\n\t<meta name=\"twitter:data1\" content=\"2 minutes\" \/>\n<script type=\"application\/ld+json\" class=\"yoast-schema-graph\">{\"@context\":\"https:\/\/schema.org\",\"@graph\":[{\"@type\":\"WebPage\",\"@id\":\"http:\/\/fiduxis.com\/?page_id=6910\",\"url\":\"http:\/\/fiduxis.com\/?page_id=6910\",\"name\":\"Expertises - Fiduxis\",\"isPartOf\":{\"@id\":\"http:\/\/fiduxis.com\/#website\"},\"primaryImageOfPage\":{\"@id\":\"http:\/\/fiduxis.com\/?page_id=6910#primaryimage\"},\"image\":{\"@id\":\"http:\/\/fiduxis.com\/?page_id=6910#primaryimage\"},\"thumbnailUrl\":\"http:\/\/fiduxis.com\/wp-content\/uploads\/2020\/11\/elements_01-3.png\",\"datePublished\":\"2022-05-26T22:16:29+00:00\",\"dateModified\":\"2022-12-03T11:14:53+00:00\",\"breadcrumb\":{\"@id\":\"http:\/\/fiduxis.com\/?page_id=6910#breadcrumb\"},\"inLanguage\":\"fr-FR\",\"potentialAction\":[{\"@type\":\"ReadAction\",\"target\":[\"http:\/\/fiduxis.com\/?page_id=6910\"]}]},{\"@type\":\"ImageObject\",\"inLanguage\":\"fr-FR\",\"@id\":\"http:\/\/fiduxis.com\/?page_id=6910#primaryimage\",\"url\":\"http:\/\/fiduxis.com\/wp-content\/uploads\/2020\/11\/elements_01-3.png\",\"contentUrl\":\"http:\/\/fiduxis.com\/wp-content\/uploads\/2020\/11\/elements_01-3.png\",\"width\":247,\"height\":630,\"caption\":\"image\"},{\"@type\":\"BreadcrumbList\",\"@id\":\"http:\/\/fiduxis.com\/?page_id=6910#breadcrumb\",\"itemListElement\":[{\"@type\":\"ListItem\",\"position\":1,\"name\":\"Accueil\",\"item\":\"http:\/\/fiduxis.com\/\"},{\"@type\":\"ListItem\",\"position\":2,\"name\":\"Expertises\"}]},{\"@type\":\"WebSite\",\"@id\":\"http:\/\/fiduxis.com\/#website\",\"url\":\"http:\/\/fiduxis.com\/\",\"name\":\"Fiduxis\",\"description\":\"Un cabinet de services int\u00e9gr\u00e9s\",\"potentialAction\":[{\"@type\":\"SearchAction\",\"target\":{\"@type\":\"EntryPoint\",\"urlTemplate\":\"http:\/\/fiduxis.com\/?s={search_term_string}\"},\"query-input\":\"required name=search_term_string\"}],\"inLanguage\":\"fr-FR\"}]}<\/script>\n<!-- \/ Yoast SEO plugin. -->","yoast_head_json":{"title":"Expertises - Fiduxis","robots":{"index":"index","follow":"follow","max-snippet":"max-snippet:-1","max-image-preview":"max-image-preview:large","max-video-preview":"max-video-preview:-1"},"canonical":"http:\/\/fiduxis.com\/?page_id=6910","og_locale":"fr_FR","og_type":"article","og_title":"Expertises - Fiduxis","og_description":"EXPERTISES Des services \u00e0 forte valeurs ajout\u00e9es pour votre entreprise Nous sommes engag\u00e9s aux c\u00f4t\u00e9s de nos clients pour les accompagner \u00e0 relever leurs d\u00e9fis quotidiens et \u00e0 atteindre leurs objectifs \u00e0 moyen et long terme. Par l\u2019interm\u00e9diaire de nos m\u00e9tiers r\u00e8glement\u00e9s, nous assistons nos clients d\u2019une part dans la production d\u2019une information financi\u00e8re de [&hellip;]","og_url":"http:\/\/fiduxis.com\/?page_id=6910","og_site_name":"Fiduxis","article_modified_time":"2022-12-03T11:14:53+00:00","og_image":[{"url":"http:\/\/fiduxis.com\/wp-content\/uploads\/2020\/11\/elements_01-3.png"}],"twitter_card":"summary_large_image","twitter_misc":{"Dur\u00e9e de lecture estim\u00e9e":"2 minutes"},"schema":{"@context":"https:\/\/schema.org","@graph":[{"@type":"WebPage","@id":"http:\/\/fiduxis.com\/?page_id=6910","url":"http:\/\/fiduxis.com\/?page_id=6910","name":"Expertises - Fiduxis","isPartOf":{"@id":"http:\/\/fiduxis.com\/#website"},"primaryImageOfPage":{"@id":"http:\/\/fiduxis.com\/?page_id=6910#primaryimage"},"image":{"@id":"http:\/\/fiduxis.com\/?page_id=6910#primaryimage"},"thumbnailUrl":"http:\/\/fiduxis.com\/wp-content\/uploads\/2020\/11\/elements_01-3.png","datePublished":"2022-05-26T22:16:29+00:00","dateModified":"2022-12-03T11:14:53+00:00","breadcrumb":{"@id":"http:\/\/fiduxis.com\/?page_id=6910#breadcrumb"},"inLanguage":"fr-FR","potentialAction":[{"@type":"ReadAction","target":["http:\/\/fiduxis.com\/?page_id=6910"]}]},{"@type":"ImageObject","inLanguage":"fr-FR","@id":"http:\/\/fiduxis.com\/?page_id=6910#primaryimage","url":"http:\/\/fiduxis.com\/wp-content\/uploads\/2020\/11\/elements_01-3.png","contentUrl":"http:\/\/fiduxis.com\/wp-content\/uploads\/2020\/11\/elements_01-3.png","width":247,"height":630,"caption":"image"},{"@type":"BreadcrumbList","@id":"http:\/\/fiduxis.com\/?page_id=6910#breadcrumb","itemListElement":[{"@type":"ListItem","position":1,"name":"Accueil","item":"http:\/\/fiduxis.com\/"},{"@type":"ListItem","position":2,"name":"Expertises"}]},{"@type":"WebSite","@id":"http:\/\/fiduxis.com\/#website","url":"http:\/\/fiduxis.com\/","name":"Fiduxis","description":"Un cabinet de services int\u00e9gr\u00e9s","potentialAction":[{"@type":"SearchAction","target":{"@type":"EntryPoint","urlTemplate":"http:\/\/fiduxis.com\/?s={search_term_string}"},"query-input":"required name=search_term_string"}],"inLanguage":"fr-FR"}]}},"lang":"fr","translations":{"fr":6910,"en":7553},"pll_sync_post":[],"_links":{"self":[{"href":"http:\/\/fiduxis.com\/index.php?rest_route=\/wp\/v2\/pages\/6910","targetHints":{"allow":["GET"]}}],"collection":[{"href":"http:\/\/fiduxis.com\/index.php?rest_route=\/wp\/v2\/pages"}],"about":[{"href":"http:\/\/fiduxis.com\/index.php?rest_route=\/wp\/v2\/types\/page"}],"author":[{"embeddable":true,"href":"http:\/\/fiduxis.com\/index.php?rest_route=\/wp\/v2\/users\/1"}],"replies":[{"embeddable":true,"href":"http:\/\/fiduxis.com\/index.php?rest_route=%2Fwp%2Fv2%2Fcomments&post=6910"}],"version-history":[{"count":107,"href":"http:\/\/fiduxis.com\/index.php?rest_route=\/wp\/v2\/pages\/6910\/revisions"}],"predecessor-version":[{"id":7711,"href":"http:\/\/fiduxis.com\/index.php?rest_route=\/wp\/v2\/pages\/6910\/revisions\/7711"}],"wp:attachment":[{"href":"http:\/\/fiduxis.com\/index.php?rest_route=%2Fwp%2Fv2%2Fmedia&parent=6910"}],"curies":[{"name":"wp","href":"https:\/\/api.w.org\/{rel}","templated":true}]}}